{"id":6288,"date":"2015-03-02T15:21:59","date_gmt":"2015-03-02T14:21:59","guid":{"rendered":"http:\/\/spletna-klinika.si\/homeopatija\/?page_id=6288"},"modified":"2023-03-06T13:30:49","modified_gmt":"2023-03-06T12:30:49","slug":"izkusnje-pacientov","status":"publish","type":"page","link":"https:\/\/spletna-klinika.si\/ortodont\/izkusnje-pacientov\/","title":{"rendered":"Izku\u0161nje pacientov"},"content":{"rendered":"<h2><span style=\"color: #33cccc;\">Mateja je izbrala snemljiv zobni aparat Invisalign<\/span><\/h2>\n<p><span style=\"font-size: 12pt; color: #333333;\">Maja B. 36 let: <em>\u017de od srednje \u0161ole dalje sem si \u017eelela da bi moji zobje bili poravnani. Ker opravljam delo pri katerem imam opravka z ljudmi, klasi\u010dni<strong> zobni aparat<\/strong> z \u017eabicami ni pri\u0161el v po\u0161tev. Zato sem se odlo\u010dila za <strong>Invisalign<\/strong> terapijo in ni mi \u017eal. Nih\u010de ni opazil, da imam zobni aparat in da sem v ortodontski terapiji, med jedjo sem ga lahko snela, \u010di\u0161\u010denje je enostavno sama uporaba aparata pa je preprosta. \u0160e enkrat bi se odlo\u010dila za <strong>Invisalign.<\/strong><\/em><\/span><\/p>\n<h2><img loading=\"lazy\" class=\"aligncenter wp-image-6630\" src=\"https:\/\/spletna-klinika.si\/ortodont\/wp-content\/uploads\/2018\/05\/invisalign-prej-in-potem-3-1024x1024.jpg\" alt=\"\" width=\"600\" height=\"600\" srcset=\"https:\/\/spletna-klinika.si\/ortodont\/wp-content\/uploads\/2018\/05\/invisalign-prej-in-potem-3-1024x1024.jpg 1024w, https:\/\/spletna-klinika.si\/ortodont\/wp-content\/uploads\/2018\/05\/invisalign-prej-in-potem-3-150x150.jpg 150w, https:\/\/spletna-klinika.si\/ortodont\/wp-content\/uploads\/2018\/05\/invisalign-prej-in-potem-3-300x300.jpg 300w, https:\/\/spletna-klinika.si\/ortodont\/wp-content\/uploads\/2018\/05\/invisalign-prej-in-potem-3-768x768.jpg 768w, https:\/\/spletna-klinika.si\/ortodont\/wp-content\/uploads\/2018\/05\/invisalign-prej-in-potem-3-210x210.jpg 210w, https:\/\/spletna-klinika.si\/ortodont\/wp-content\/uploads\/2018\/05\/invisalign-prej-in-potem-3-946x946.jpg 946w, https:\/\/spletna-klinika.si\/ortodont\/wp-content\/uploads\/2018\/05\/invisalign-prej-in-potem-3.jpg 1200w\" sizes=\"(max-width: 600px) 100vw, 600px\" \/><\/h2>\n<h2><span style=\"color: #33cccc;\">Hanina preobrazba nasmeha z zobnim aparatom Damon<\/span><\/h2>\n<p><span style=\"font-size: 12pt; color: #333333;\">Tv voditeljica, model novinarka Hana H. je \u0161e pred letom in pol imela te\u017eave z nepravilno pozicijo zob in nepravilnim ugrizom. Po klini\u010dnem pregledu smo ugotovili, da ger za izjemno te\u017eko anomalijo zato smo se odlo\u010dili za ortdontsko terapijo z <strong>Damon zobnim aparatom<\/strong>. Damon sistem omogo\u010da hitrej\u0161e zdravljenje, manj obiskov pri <strong>ortodont<\/strong>u, ve\u010dje udobje in konsistenten kakovostne rezultate.<\/span><\/p>\n<p><span style=\"font-size: 12pt; color: #333333;\">Slika pred terapijo in po terapijo z<strong> Damon<\/strong> sistemom pove vse o uspe\u0161nosti ortodontske terapije.<\/span><\/p>\n<p><span style=\"font-size: 12pt; color: #333333;\">Hana H. <em>Popoln nasmeh je bila pri meni nuja, zaradi narave dela, saj sem izpostavljena kameram in fotoaparatom. Dolgo \u010dasa sem iskala primerno in hitro re\u0161itev za moje zobe in po priporo\u010dilu prijateljice kon\u010dno obiskala Center odli\u010dnosti za ortdoncijo v Zagrebu. Ko so mi povedali, da bo terapija trajala eno leto in pol sem se najprej malo ustra\u0161ila, vendar je bila odlo\u010ditev nujna. Sedaj se po zaslugi odli\u010dne ekipe ortodonotov, se lahko na \u0161iroko smejim pred kamerami in fotografi ker sem ponosna na svoj nasmeh. V kliniki so bili vsi zelo prijazni, na voljo v vsakem trenutku in sem res vesela, da sem se odlo\u010dila za ta korak. Hvala vsem iz srca \ud83d\ude42<\/em><\/span><\/p>\n<p><img loading=\"lazy\" class=\"aligncenter wp-image-6539\" src=\"https:\/\/spletna-klinika.si\/ortodont\/wp-content\/uploads\/2018\/03\/pacient4.jpg\" alt=\"\" width=\"600\" height=\"600\" srcset=\"https:\/\/spletna-klinika.si\/ortodont\/wp-content\/uploads\/2018\/03\/pacient4.jpg 750w, https:\/\/spletna-klinika.si\/ortodont\/wp-content\/uploads\/2018\/03\/pacient4-150x150.jpg 150w, https:\/\/spletna-klinika.si\/ortodont\/wp-content\/uploads\/2018\/03\/pacient4-300x300.jpg 300w, https:\/\/spletna-klinika.si\/ortodont\/wp-content\/uploads\/2018\/03\/pacient4-210x210.jpg 210w\" sizes=\"(max-width: 600px) 100vw, 600px\" \/><\/p>\n<h2><span style=\"color: #33cccc;\">Andrejina preobrazba nasmeha z zobnim aparatom Damon<\/span><\/h2>\n<p><span style=\"font-size: 12pt; color: #333333;\">Andreja (33 let) je pri\u0161la k nam z \u017eeljo po popolnem nasmehu. Po pregledu je bilo ugotovljeno, da so njeni zobje zdravi in mo\u010dni, pozicija zob in ugriz pa sta napa\u010dna. Ker je Mateja \u017eelela hitro terapijo z \u010dim manj obiski smo ji predlagali Damon sistem samozaklepno tehniko zobnega aparata. Mateja je izbrala estetski zobni aparat z belimi \u017ei\u010dkami in prozornimi nosilci. Po enem letu je bila terapija uspe\u0161no zaklju\u010deno. <\/span><\/p>\n<p><span style=\"font-size: 12pt; color: #333333;\">Andreja K.<em> Nisem mogla verjeti kako hitro je \u0161lo vse. Pri\u0161la sem na informativni pregled in \u017ee naslednji teden sem dobila aparat. Eno leto je minilo v hipu. Terapija je bila brez bole\u010den in zobni aparat se skoraj ni videl. Ko sem dala aparat dol me je skoraj kap ko sem videla kako lepe zobe imam. Sploh ko sem primerjala sliko zob pred terapijo. Zahvaljujem se celotni ekipi sestram za prijaznost in ortodontinji za profesionalnost.<\/em><\/span><\/p>\n<p><img loading=\"lazy\" class=\"aligncenter size-full wp-image-6541\" src=\"https:\/\/spletna-klinika.si\/ortodont\/wp-content\/uploads\/2018\/03\/pacient2.jpg\" alt=\"\" width=\"543\" height=\"500\" srcset=\"https:\/\/spletna-klinika.si\/ortodont\/wp-content\/uploads\/2018\/03\/pacient2.jpg 543w, https:\/\/spletna-klinika.si\/ortodont\/wp-content\/uploads\/2018\/03\/pacient2-300x276.jpg 300w\" sizes=\"(max-width: 543px) 100vw, 543px\" \/><\/p>\n<h2><span style=\"color: #33cccc;\">Slike pacientov ko gre zobni aparat stran<\/span><\/h2>\n<p><img loading=\"lazy\" class=\"aligncenter size-full wp-image-6548\" src=\"https:\/\/spletna-klinika.si\/ortodont\/wp-content\/uploads\/2018\/03\/pacient1-1.jpg\" alt=\"\" width=\"720\" height=\"634\" srcset=\"https:\/\/spletna-klinika.si\/ortodont\/wp-content\/uploads\/2018\/03\/pacient1-1.jpg 720w, https:\/\/spletna-klinika.si\/ortodont\/wp-content\/uploads\/2018\/03\/pacient1-1-300x264.jpg 300w\" sizes=\"(max-width: 720px) 100vw, 720px\" \/><\/p>\n<p><img loading=\"lazy\" class=\"aligncenter wp-image-6547\" src=\"https:\/\/spletna-klinika.si\/ortodont\/wp-content\/uploads\/2018\/03\/pacient6.jpg\" alt=\"\" width=\"700\" height=\"700\" srcset=\"https:\/\/spletna-klinika.si\/ortodont\/wp-content\/uploads\/2018\/03\/pacient6.jpg 960w, https:\/\/spletna-klinika.si\/ortodont\/wp-content\/uploads\/2018\/03\/pacient6-150x150.jpg 150w, https:\/\/spletna-klinika.si\/ortodont\/wp-content\/uploads\/2018\/03\/pacient6-300x300.jpg 300w, https:\/\/spletna-klinika.si\/ortodont\/wp-content\/uploads\/2018\/03\/pacient6-768x768.jpg 768w, https:\/\/spletna-klinika.si\/ortodont\/wp-content\/uploads\/2018\/03\/pacient6-210x210.jpg 210w, https:\/\/spletna-klinika.si\/ortodont\/wp-content\/uploads\/2018\/03\/pacient6-946x946.jpg 946w\" sizes=\"(max-width: 700px) 100vw, 700px\" \/><\/p>\n<p><img loading=\"lazy\" class=\"aligncenter wp-image-6546\" src=\"https:\/\/spletna-klinika.si\/ortodont\/wp-content\/uploads\/2018\/03\/pacient7.jpg\" alt=\"\" width=\"700\" height=\"700\" srcset=\"https:\/\/spletna-klinika.si\/ortodont\/wp-content\/uploads\/2018\/03\/pacient7.jpg 960w, https:\/\/spletna-klinika.si\/ortodont\/wp-content\/uploads\/2018\/03\/pacient7-150x150.jpg 150w, https:\/\/spletna-klinika.si\/ortodont\/wp-content\/uploads\/2018\/03\/pacient7-300x300.jpg 300w, https:\/\/spletna-klinika.si\/ortodont\/wp-content\/uploads\/2018\/03\/pacient7-768x768.jpg 768w, https:\/\/spletna-klinika.si\/ortodont\/wp-content\/uploads\/2018\/03\/pacient7-210x210.jpg 210w, https:\/\/spletna-klinika.si\/ortodont\/wp-content\/uploads\/2018\/03\/pacient7-946x946.jpg 946w\" sizes=\"(max-width: 700px) 100vw, 700px\" \/><\/p>\n<p><span style=\"font-size: 12pt;\"><span style=\"color: #333333;\">Privo\u0161\u010dite tudi sebi popoln nasmeh. <\/span><span style=\"color: #333333;\">Rezervirajte si termin za brezpla\u010dni pregled in posvet s klikom na povezavo:<\/span> <\/span><a href=\"http:\/\/spletna-klinika.si\/contact\/\">\u017delim termin za prvi brezpla\u010dni pregled in posvet<\/a><\/p>\n<p><span style=\"font-size: 12pt;\"><span style=\"color: #333333;\">V letu 2021 smo namestili ve\u010d kot<\/span><span style=\"color: #ff99cc;\"><strong> 1000 zobnih aparatov<\/strong><span style=\"color: #333333;\"> i<\/span><\/span><span style=\"color: #333333;\">n uspe\u0161no zaklju\u010dili ve\u010d kot<\/span><span style=\"color: #ff99cc;\"> <strong>700 ortodontskih terapij.\u00a0<\/strong><\/span><\/span><\/p>\n","protected":false},"excerpt":{"rendered":"<p>Mateja je izbrala snemljiv zobni aparat Invisalign Maja B. 36 let: \u017de od srednje \u0161ole dalje sem si \u017eelela da bi moji zobje bili poravnani. Ker opravljam delo pri katerem imam opravka z ljudmi, klasi\u010dni zobni aparat z \u017eabicami ni pri\u0161el v po\u0161tev. Zato sem se odlo\u010dila za Invisalign terapijo in ni mi \u017eal. Nih\u010de [&hellip;]<\/p>\n","protected":false},"author":1,"featured_media":0,"parent":0,"menu_order":5,"comment_status":"closed","ping_status":"closed","template":"","meta":[],"yoast_head":"<!-- This site is optimized with the Yoast SEO plugin v20.6 - https:\/\/yoast.com\/wordpress\/plugins\/seo\/ -->\n<title>Ortodont Zagreb - izku\u0161nje pacientov - Spletna klinika<\/title>\n<meta name=\"description\" content=\"Kak\u0161ne so izku\u0161nje pacientov, ki obi\u0161\u010dejo na\u0161 Center odli\u010dnosti za ortodontijo si lahko preberet in pogledate na povezavi. Izku\u0161nje pacisntov ortodont.\" \/>\n<meta name=\"robots\" content=\"index, follow, max-snippet:-1, max-image-preview:large, max-video-preview:-1\" \/>\n<link rel=\"canonical\" href=\"https:\/\/spletna-klinika.si\/ortodont\/izkusnje-pacientov\/\" \/>\n<meta property=\"og:locale\" content=\"sl_SI\" \/>\n<meta property=\"og:type\" content=\"article\" \/>\n<meta property=\"og:title\" content=\"Ortodont Zagreb - izku\u0161nje pacientov - Spletna klinika\" \/>\n<meta property=\"og:description\" content=\"Kak\u0161ne so izku\u0161nje pacientov, ki obi\u0161\u010dejo na\u0161 Center odli\u010dnosti za ortodontijo si lahko preberet in pogledate na povezavi. Izku\u0161nje pacisntov ortodont.\" \/>\n<meta property=\"og:url\" content=\"https:\/\/spletna-klinika.si\/ortodont\/izkusnje-pacientov\/\" \/>\n<meta property=\"og:site_name\" content=\"Spletna klinika - Ortodont\" \/>\n<meta property=\"article:modified_time\" content=\"2023-03-06T12:30:49+00:00\" \/>\n<meta property=\"og:image\" content=\"http:\/\/spletna-klinika.si\/ortodont\/wp-content\/uploads\/2018\/05\/invisalign-prej-in-potem-3-1024x1024.jpg\" \/>\n<meta name=\"twitter:card\" content=\"summary_large_image\" \/>\n<meta name=\"twitter:label1\" content=\"Est. reading time\" \/>\n\t<meta name=\"twitter:data1\" content=\"4 minute\" \/>\n<script type=\"application\/ld+json\" class=\"yoast-schema-graph\">{\"@context\":\"https:\/\/schema.org\",\"@graph\":[{\"@type\":\"WebPage\",\"@id\":\"https:\/\/spletna-klinika.si\/ortodont\/izkusnje-pacientov\/\",\"url\":\"https:\/\/spletna-klinika.si\/ortodont\/izkusnje-pacientov\/\",\"name\":\"Ortodont Zagreb - izku\u0161nje pacientov - Spletna klinika\",\"isPartOf\":{\"@id\":\"https:\/\/spletna-klinika.si\/ortodont\/#website\"},\"datePublished\":\"2015-03-02T14:21:59+00:00\",\"dateModified\":\"2023-03-06T12:30:49+00:00\",\"description\":\"Kak\u0161ne so izku\u0161nje pacientov, ki obi\u0161\u010dejo na\u0161 Center odli\u010dnosti za ortodontijo si lahko preberet in pogledate na povezavi. Izku\u0161nje pacisntov ortodont.\",\"breadcrumb\":{\"@id\":\"https:\/\/spletna-klinika.si\/ortodont\/izkusnje-pacientov\/#breadcrumb\"},\"inLanguage\":\"sl-SI\",\"potentialAction\":[{\"@type\":\"ReadAction\",\"target\":[\"https:\/\/spletna-klinika.si\/ortodont\/izkusnje-pacientov\/\"]}]},{\"@type\":\"BreadcrumbList\",\"@id\":\"https:\/\/spletna-klinika.si\/ortodont\/izkusnje-pacientov\/#breadcrumb\",\"itemListElement\":[{\"@type\":\"ListItem\",\"position\":1,\"name\":\"Home\",\"item\":\"https:\/\/spletna-klinika.si\/ortodont\/\"},{\"@type\":\"ListItem\",\"position\":2,\"name\":\"Izku\u0161nje pacientov\"}]},{\"@type\":\"WebSite\",\"@id\":\"https:\/\/spletna-klinika.si\/ortodont\/#website\",\"url\":\"https:\/\/spletna-klinika.si\/ortodont\/\",\"name\":\"Spletna klinika - Ortodont\",\"description\":\"\",\"potentialAction\":[{\"@type\":\"SearchAction\",\"target\":{\"@type\":\"EntryPoint\",\"urlTemplate\":\"https:\/\/spletna-klinika.si\/ortodont\/?s={search_term_string}\"},\"query-input\":\"required name=search_term_string\"}],\"inLanguage\":\"sl-SI\"}]}<\/script>\n<!-- \/ Yoast SEO plugin. -->","yoast_head_json":{"title":"Ortodont Zagreb - izku\u0161nje pacientov - Spletna klinika","description":"Kak\u0161ne so izku\u0161nje pacientov, ki obi\u0161\u010dejo na\u0161 Center odli\u010dnosti za ortodontijo si lahko preberet in pogledate na povezavi. Izku\u0161nje pacisntov ortodont.","robots":{"index":"index","follow":"follow","max-snippet":"max-snippet:-1","max-image-preview":"max-image-preview:large","max-video-preview":"max-video-preview:-1"},"canonical":"https:\/\/spletna-klinika.si\/ortodont\/izkusnje-pacientov\/","og_locale":"sl_SI","og_type":"article","og_title":"Ortodont Zagreb - izku\u0161nje pacientov - Spletna klinika","og_description":"Kak\u0161ne so izku\u0161nje pacientov, ki obi\u0161\u010dejo na\u0161 Center odli\u010dnosti za ortodontijo si lahko preberet in pogledate na povezavi. Izku\u0161nje pacisntov ortodont.","og_url":"https:\/\/spletna-klinika.si\/ortodont\/izkusnje-pacientov\/","og_site_name":"Spletna klinika - Ortodont","article_modified_time":"2023-03-06T12:30:49+00:00","og_image":[{"url":"http:\/\/spletna-klinika.si\/ortodont\/wp-content\/uploads\/2018\/05\/invisalign-prej-in-potem-3-1024x1024.jpg"}],"twitter_card":"summary_large_image","twitter_misc":{"Est. reading time":"4 minute"},"schema":{"@context":"https:\/\/schema.org","@graph":[{"@type":"WebPage","@id":"https:\/\/spletna-klinika.si\/ortodont\/izkusnje-pacientov\/","url":"https:\/\/spletna-klinika.si\/ortodont\/izkusnje-pacientov\/","name":"Ortodont Zagreb - izku\u0161nje pacientov - Spletna klinika","isPartOf":{"@id":"https:\/\/spletna-klinika.si\/ortodont\/#website"},"datePublished":"2015-03-02T14:21:59+00:00","dateModified":"2023-03-06T12:30:49+00:00","description":"Kak\u0161ne so izku\u0161nje pacientov, ki obi\u0161\u010dejo na\u0161 Center odli\u010dnosti za ortodontijo si lahko preberet in pogledate na povezavi. Izku\u0161nje pacisntov ortodont.","breadcrumb":{"@id":"https:\/\/spletna-klinika.si\/ortodont\/izkusnje-pacientov\/#breadcrumb"},"inLanguage":"sl-SI","potentialAction":[{"@type":"ReadAction","target":["https:\/\/spletna-klinika.si\/ortodont\/izkusnje-pacientov\/"]}]},{"@type":"BreadcrumbList","@id":"https:\/\/spletna-klinika.si\/ortodont\/izkusnje-pacientov\/#breadcrumb","itemListElement":[{"@type":"ListItem","position":1,"name":"Home","item":"https:\/\/spletna-klinika.si\/ortodont\/"},{"@type":"ListItem","position":2,"name":"Izku\u0161nje pacientov"}]},{"@type":"WebSite","@id":"https:\/\/spletna-klinika.si\/ortodont\/#website","url":"https:\/\/spletna-klinika.si\/ortodont\/","name":"Spletna klinika - Ortodont","description":"","potentialAction":[{"@type":"SearchAction","target":{"@type":"EntryPoint","urlTemplate":"https:\/\/spletna-klinika.si\/ortodont\/?s={search_term_string}"},"query-input":"required name=search_term_string"}],"inLanguage":"sl-SI"}]}},"_links":{"self":[{"href":"https:\/\/spletna-klinika.si\/ortodont\/wp-json\/wp\/v2\/pages\/6288"}],"collection":[{"href":"https:\/\/spletna-klinika.si\/ortodont\/wp-json\/wp\/v2\/pages"}],"about":[{"href":"https:\/\/spletna-klinika.si\/ortodont\/wp-json\/wp\/v2\/types\/page"}],"author":[{"embeddable":true,"href":"https:\/\/spletna-klinika.si\/ortodont\/wp-json\/wp\/v2\/users\/1"}],"replies":[{"embeddable":true,"href":"https:\/\/spletna-klinika.si\/ortodont\/wp-json\/wp\/v2\/comments?post=6288"}],"version-history":[{"count":15,"href":"https:\/\/spletna-klinika.si\/ortodont\/wp-json\/wp\/v2\/pages\/6288\/revisions"}],"predecessor-version":[{"id":7204,"href":"https:\/\/spletna-klinika.si\/ortodont\/wp-json\/wp\/v2\/pages\/6288\/revisions\/7204"}],"wp:attachment":[{"href":"https:\/\/spletna-klinika.si\/ortodont\/wp-json\/wp\/v2\/media?parent=6288"}],"curies":[{"name":"wp","href":"https:\/\/api.w.org\/{rel}","templated":true}]}}