{"id":6152,"date":"2015-02-25T15:34:37","date_gmt":"2015-02-25T14:34:37","guid":{"rendered":"http:\/\/spletna-klinika.si\/homeopatija\/?page_id=6152"},"modified":"2023-03-06T13:27:50","modified_gmt":"2023-03-06T12:27:50","slug":"ortodont-na-napotnico","status":"publish","type":"page","link":"https:\/\/spletna-klinika.si\/ortodont\/ortodont-na-napotnico\/","title":{"rendered":"Ortodont na napotnico"},"content":{"rendered":"<p><span style=\"color: #333333; font-size: 12pt;\">Ne zamudite brezpla\u010dnega <strong>ortodontskega<\/strong> zdravljenja za va\u0161ega otroka zaradi dolgih \u010dakalnih vrst. Presko\u010dite \u010dakalne vrste in za\u010dnite z zdravljenjem \u017ee jutri! <strong>Ortodont na napotnico<\/strong> Zagreb.<\/span><\/p>\n<p><span style=\"color: #333333; font-size: 12pt;\">Ste vedeli, da so v Sloveniji <strong>\u010dakalne dobe<\/strong> na prvi pregled pri ortodontu 2 leti in tudi do 4 leta za pri\u010detek terapije. V tem \u010dasu obstaja velika verjetnost, da bo va\u0161 otrok dopolnil 16 let in ne bo ve\u010d opravi\u010den do zdravljenja preko zavarovanja. Zato presko\u010dite \u010dakalne vrste, termin za prvi pregled pri na\u0161em <strong>ortodontu<\/strong> lahko imate \u017ee jutri! <\/span><\/p>\n<p><span style=\"color: #333333; font-size: 12pt;\">Naro\u010dite se na prvi pregled pri <strong>ortodontu<\/strong> s klikom na povezavo: <\/span><\/p>\n<p style=\"text-align: center;\"><a href=\"http:\/\/spletna-klinika.si\/contact\/\"><strong><span style=\"color: #ff99cc; font-size: 18pt;\">\u017delim termin za prvi pregled pri ortodontu<\/span><\/strong><\/a><\/p>\n<p><span style=\"color: #333333; font-size: 12pt;\">Pravo\u010dasno<strong> ortodont<\/strong>sko zdravljenje otrok in mladine je pomembno zaradi razvoja njihovih zob, \u010deljusti in obraza. Z napotnico slovenskega <strong>zobozdravnik<\/strong>a vam uredimo, da se va\u0161 otrok zdravi v Centru odli\u010dnosti za <strong>ortodont<\/strong>ijo <\/span><span style=\"color: #333333; font-size: 12pt;\"><strong>dr. sc.\u00a0 Domina Reljanovi\u0107 Protega<\/strong> v Zagrebu brez \u010dakalne dobe s terminom prvega pregleda \u017ee jutri in mo\u017enim takoj\u0161njim pri\u010detkom <strong>ortodont<\/strong>ske terapije.<\/span><\/p>\n<p><img loading=\"lazy\" class=\"aligncenter wp-image-7167\" src=\"http:\/\/spletna-klinika.si\/zobozdravnik\/wp-content\/uploads\/2018\/02\/children-and-braces-1000x445.jpg\" alt=\"ortodont za otroke\" width=\"700\" height=\"311\" \/><\/p>\n<p><span style=\"color: #333333; font-size: 12pt;\">Za otroke do 16. leta se<strong> zdravljenje na napotnico<\/strong> brez \u010dakalne se izvaja v moderno opremljeni ordinaciji, skladno z najvi\u0161jimi kakovostnimi standardi in prilagojeno pacientovemu \u010dasu.<\/span><\/p>\n<h2><span style=\"color: #333333;\"><span style=\"color: #33cccc;\">Pregled pri ortodontu za zobni aparat<\/span><br \/>\n<\/span><\/h2>\n<p><span style=\"color: #333333; font-size: 12pt;\">Specialisti\u010den pregled za<strong> zobni aparat<\/strong> lahko opravite v Centru odli\u010dnosti za <strong>ortodont<\/strong>ijo v Zagrebu \u017ee jutri. <\/span><\/p>\n<p><span style=\"color: #333333; font-size: 12pt;\"><strong>Ortodont na napotnico <\/strong>za pregled pri ortodontu vklju\u010duje diagnostiko \u010deljustnih in obraznih deformacij, odtis zob in meritve, na podlagi katerih se potrdi ali se otrok lahko zdravi na napotnico in kateri zobni aparat je zanj primeren. Pregled za otroke na napotnico je 110\u20ac.<br \/>\n<\/span><\/p>\n<h2><span style=\"color: #333333;\"><span style=\"color: #33cccc;\">Zobni aparat in kontrolni pregledi<\/span><br \/>\n<\/span><\/h2>\n<p><span style=\"color: #333333; font-size: 12pt;\">V Centru odli\u010dnosti za<strong> ortodont<\/strong>ijo smo specializirani za zdravljenje <strong>ortodont<\/strong>skih anomalij otrok in odraslih. Nudimo veliko Izbiro razli\u010dnih sistemom zobnih aparatov, ki nam omogo\u010dajo, da ortodontsko zdravljenje poteka hitro in u\u010dinkovito. <strong>Zobni aparat<\/strong> se lahko pacientu namesti neposredno po pregledu ali na naslednjem dogovorjenem terminu na zdrave in urejene zobe.\u00a0Kontrolni pregledi v na\u0161em centru se izvajajo na 6 do 10 tednov odvisno od anomalije in sistemov zobnih aparatov, ki jih pri zdravljenju uporabljamo.<\/span><\/p>\n<p><img loading=\"lazy\" class=\"aligncenter wp-image-6857\" src=\"http:\/\/spletna-klinika.si\/zobozdravnik\/wp-content\/uploads\/2017\/09\/17620457_786796708154870_4392790046888160112_o-1024x324.jpg\" alt=\"zobni aparat damon\" width=\"710\" height=\"225\" \/><\/p>\n<h2><span style=\"color: #333333;\"><span style=\"color: #33cccc;\">Menjava ortodonta<\/span><br \/>\n<\/span><\/h2>\n<p><span style=\"color: #333333; font-size: 12pt;\">Pri nas ste dobrodo\u0161li vsi, sprejemamo tudi paciente, ki so v procesu <strong>ortodont<\/strong>skega zdravljenja vendar z na\u010dinom niso zadovoljni. Najbolj pogosti razlogi za menjavo <strong>ortodont<\/strong>a so neu\u010dinkovita terapija, dolgotrajna terapija,nezanimanje ortodonta za pri\u010detek terapije, ipd. V na\u0161i kliniki vas bomo naro\u010dili na prvi <strong>brezpla\u010dni pregled<\/strong> in posvet in se bomo pogovorili o mo\u017enostih zdravljenja pri nas. Opravljamo preglede otrok in mladostnikov, ki so napoteni na ortodontsko terapijo in je \u010dakalna doba predolga. V tem primeru imate star\u0161i ali skrbniki mo\u017enost menjave ortodonta tudi znotraj EU. S tem zagotovite otroku<strong> ortodontsko zdravljenje<\/strong> \u0161e znotraj omejenega obdobja, ki mu ga zagotavlja<strong> ZZZS<\/strong>. Zamenjavo ortodonta vam uredimo takoj in otrok lahko nemudoma pri\u010dne z terapijo.\u00a0\u00a0\u00a0<\/span><\/p>\n<p style=\"text-align: center;\"><span style=\"color: #333333; font-size: 12pt;\"><img loading=\"lazy\" class=\"aligncenter wp-image-6759\" src=\"http:\/\/spletna-klinika.si\/zobozdravnik\/wp-content\/uploads\/2017\/03\/family_aparati-1024x440.jpg\" alt=\"ortodont za otroke in odrasle\" width=\"710\" height=\"305\" \/> <\/span><\/p>\n<p style=\"text-align: left;\"><span style=\"font-size: 18pt;\"><span style=\"font-size: 12pt; color: #333333;\">Za aktualno ponudbo kliknite na povezavo:<\/span> <a href=\"http:\/\/spletna-klinika.si\/contact\/\"><strong><span style=\"color: #ff99cc;\">Ponudba zobnih aparatov<\/span><\/strong><\/a><\/span><span style=\"color: #333333; font-size: 12pt;\">\u00a0<\/span><\/p>\n<p style=\"text-align: left;\"><span style=\"color: #333333; font-size: 12pt;\">Pacient, ki je \u017ee bil obravnavan ali zdravljen v Sloveniji in \u017eeli nadaljevati zdravljenje v drugi dr\u017eavi EU. Od izbranega <strong>ortodont<\/strong>a zahtevate izvirnik napotnice, <strong>ortodont<\/strong> zadr\u017ei kopijo napotnice. Vlogi za <strong>povra\u010dilo stro\u0161kov zdravljenja<\/strong> v EU prilo\u017eite tudi dokumentacijo o dosedanjem zdravljenju v Sloveniji.<\/span><\/p>\n<h2><span style=\"color: #33cccc;\">Ortodont na napotnico v EU<\/span><\/h2>\n<p><span style=\"color: #333333; font-size: 12pt;\">V kolikor se odlo\u010dite za <strong>ortodontsko zdravljenje<\/strong>\u00a0v EU je prvi korak\u00a0 pregled pri ortodontu. Po dogovoru pri\u010dnete terapijo takoj in zdravljenje pla\u010date ( lahko tudi obro\u010dno). Po zaklju\u010deni terapiji pa od ZZZS zahtevate povra\u010dilo stro\u0161ka zdravljenja. Pri tem zadnjem koraku vam v Spletni kliniki nudimo vso podporo in vas vodimo \u010dez proces povra\u010dila stro\u0161kov BREZPLA\u010cNO!<\/span><\/p>\n<p><span style=\"color: #333333; font-size: 12pt;\">Pravice pacienta do povra\u010dila stro\u0161kov so opisane na povezavi: Ortodont na napotnico &#8211;\u00a0<\/span><span style=\"font-size: 12pt;\"><strong><span style=\"color: #ff99cc;\"><a style=\"color: #ff99cc;\" href=\"http:\/\/bit.ly\/2F4827E\">Povra\u010dilo stro\u0161kov zdravljenja ZZZS<\/a><\/span><\/strong><\/span><\/p>\n<p style=\"text-align: left;\"><span style=\"font-size: 18pt;\"><a href=\"http:\/\/spletna-klinika.si\/contact\/\"><span style=\"color: #ff99cc;\"><span style=\"font-size: 12pt; color: #333333;\">Za ve\u010d informacij nas lahko pokli\u010dete na \u0161tevilko 041 440 905 ali nam pi\u0161ete preko spletnega obrazca na povezavi: <\/span><\/span><strong><span style=\"color: #ff99cc;\">\u017delim ve\u010d informacij<\/span><\/strong><\/a><\/span><\/p>\n","protected":false},"excerpt":{"rendered":"<p>Ne zamudite brezpla\u010dnega ortodontskega zdravljenja za va\u0161ega otroka zaradi dolgih \u010dakalnih vrst. Presko\u010dite \u010dakalne vrste in za\u010dnite z zdravljenjem \u017ee jutri! Ortodont na napotnico Zagreb. Ste vedeli, da so v Sloveniji \u010dakalne dobe na prvi pregled pri ortodontu 2 leti in tudi do 4 leta za pri\u010detek terapije. V tem \u010dasu obstaja velika verjetnost, da [&hellip;]<\/p>\n","protected":false},"author":1,"featured_media":0,"parent":0,"menu_order":0,"comment_status":"closed","ping_status":"closed","template":"","meta":[],"yoast_head":"<!-- This site is optimized with the Yoast SEO plugin v20.6 - https:\/\/yoast.com\/wordpress\/plugins\/seo\/ -->\n<title>Ortodont na napotnico - Spletna klinika - povra\u010dilo stro\u0161kov<\/title>\n<meta name=\"description\" content=\"Ortodont na napotnico v Zagrebu.Presko\u010dite \u010dakalne vrste in se naro\u010dite na prvi brezpla\u010dni pregled in posvet.Termn takoj,brez \u010dakanja.\" \/>\n<meta name=\"robots\" content=\"index, follow, max-snippet:-1, max-image-preview:large, max-video-preview:-1\" \/>\n<link rel=\"canonical\" href=\"https:\/\/spletna-klinika.si\/ortodont\/ortodont-na-napotnico\/\" \/>\n<meta property=\"og:locale\" content=\"sl_SI\" \/>\n<meta property=\"og:type\" content=\"article\" \/>\n<meta property=\"og:title\" content=\"Ortodont na napotnico - Spletna klinika - povra\u010dilo stro\u0161kov\" \/>\n<meta property=\"og:description\" content=\"Ortodont na napotnico v Zagrebu.Presko\u010dite \u010dakalne vrste in se naro\u010dite na prvi brezpla\u010dni pregled in posvet.Termn takoj,brez \u010dakanja.\" \/>\n<meta property=\"og:url\" content=\"https:\/\/spletna-klinika.si\/ortodont\/ortodont-na-napotnico\/\" \/>\n<meta property=\"og:site_name\" content=\"Spletna klinika - Ortodont\" \/>\n<meta property=\"article:modified_time\" content=\"2023-03-06T12:27:50+00:00\" \/>\n<meta property=\"og:image\" content=\"http:\/\/spletna-klinika.si\/zobozdravnik\/wp-content\/uploads\/2018\/02\/children-and-braces-1000x445.jpg\" \/>\n<meta name=\"twitter:card\" content=\"summary_large_image\" \/>\n<meta name=\"twitter:label1\" content=\"Est. reading time\" \/>\n\t<meta name=\"twitter:data1\" content=\"4 minute\" \/>\n<script type=\"application\/ld+json\" class=\"yoast-schema-graph\">{\"@context\":\"https:\/\/schema.org\",\"@graph\":[{\"@type\":\"WebPage\",\"@id\":\"https:\/\/spletna-klinika.si\/ortodont\/ortodont-na-napotnico\/\",\"url\":\"https:\/\/spletna-klinika.si\/ortodont\/ortodont-na-napotnico\/\",\"name\":\"Ortodont na napotnico - Spletna klinika - povra\u010dilo stro\u0161kov\",\"isPartOf\":{\"@id\":\"https:\/\/spletna-klinika.si\/ortodont\/#website\"},\"datePublished\":\"2015-02-25T14:34:37+00:00\",\"dateModified\":\"2023-03-06T12:27:50+00:00\",\"description\":\"Ortodont na napotnico v Zagrebu.Presko\u010dite \u010dakalne vrste in se naro\u010dite na prvi brezpla\u010dni pregled in posvet.Termn takoj,brez \u010dakanja.\",\"breadcrumb\":{\"@id\":\"https:\/\/spletna-klinika.si\/ortodont\/ortodont-na-napotnico\/#breadcrumb\"},\"inLanguage\":\"sl-SI\",\"potentialAction\":[{\"@type\":\"ReadAction\",\"target\":[\"https:\/\/spletna-klinika.si\/ortodont\/ortodont-na-napotnico\/\"]}]},{\"@type\":\"BreadcrumbList\",\"@id\":\"https:\/\/spletna-klinika.si\/ortodont\/ortodont-na-napotnico\/#breadcrumb\",\"itemListElement\":[{\"@type\":\"ListItem\",\"position\":1,\"name\":\"Home\",\"item\":\"https:\/\/spletna-klinika.si\/ortodont\/\"},{\"@type\":\"ListItem\",\"position\":2,\"name\":\"Ortodont na napotnico\"}]},{\"@type\":\"WebSite\",\"@id\":\"https:\/\/spletna-klinika.si\/ortodont\/#website\",\"url\":\"https:\/\/spletna-klinika.si\/ortodont\/\",\"name\":\"Spletna klinika - Ortodont\",\"description\":\"\",\"potentialAction\":[{\"@type\":\"SearchAction\",\"target\":{\"@type\":\"EntryPoint\",\"urlTemplate\":\"https:\/\/spletna-klinika.si\/ortodont\/?s={search_term_string}\"},\"query-input\":\"required name=search_term_string\"}],\"inLanguage\":\"sl-SI\"}]}<\/script>\n<!-- \/ Yoast SEO plugin. -->","yoast_head_json":{"title":"Ortodont na napotnico - Spletna klinika - povra\u010dilo stro\u0161kov","description":"Ortodont na napotnico v Zagrebu.Presko\u010dite \u010dakalne vrste in se naro\u010dite na prvi brezpla\u010dni pregled in posvet.Termn takoj,brez \u010dakanja.","robots":{"index":"index","follow":"follow","max-snippet":"max-snippet:-1","max-image-preview":"max-image-preview:large","max-video-preview":"max-video-preview:-1"},"canonical":"https:\/\/spletna-klinika.si\/ortodont\/ortodont-na-napotnico\/","og_locale":"sl_SI","og_type":"article","og_title":"Ortodont na napotnico - Spletna klinika - povra\u010dilo stro\u0161kov","og_description":"Ortodont na napotnico v Zagrebu.Presko\u010dite \u010dakalne vrste in se naro\u010dite na prvi brezpla\u010dni pregled in posvet.Termn takoj,brez \u010dakanja.","og_url":"https:\/\/spletna-klinika.si\/ortodont\/ortodont-na-napotnico\/","og_site_name":"Spletna klinika - Ortodont","article_modified_time":"2023-03-06T12:27:50+00:00","og_image":[{"url":"http:\/\/spletna-klinika.si\/zobozdravnik\/wp-content\/uploads\/2018\/02\/children-and-braces-1000x445.jpg"}],"twitter_card":"summary_large_image","twitter_misc":{"Est. reading time":"4 minute"},"schema":{"@context":"https:\/\/schema.org","@graph":[{"@type":"WebPage","@id":"https:\/\/spletna-klinika.si\/ortodont\/ortodont-na-napotnico\/","url":"https:\/\/spletna-klinika.si\/ortodont\/ortodont-na-napotnico\/","name":"Ortodont na napotnico - Spletna klinika - povra\u010dilo stro\u0161kov","isPartOf":{"@id":"https:\/\/spletna-klinika.si\/ortodont\/#website"},"datePublished":"2015-02-25T14:34:37+00:00","dateModified":"2023-03-06T12:27:50+00:00","description":"Ortodont na napotnico v Zagrebu.Presko\u010dite \u010dakalne vrste in se naro\u010dite na prvi brezpla\u010dni pregled in posvet.Termn takoj,brez \u010dakanja.","breadcrumb":{"@id":"https:\/\/spletna-klinika.si\/ortodont\/ortodont-na-napotnico\/#breadcrumb"},"inLanguage":"sl-SI","potentialAction":[{"@type":"ReadAction","target":["https:\/\/spletna-klinika.si\/ortodont\/ortodont-na-napotnico\/"]}]},{"@type":"BreadcrumbList","@id":"https:\/\/spletna-klinika.si\/ortodont\/ortodont-na-napotnico\/#breadcrumb","itemListElement":[{"@type":"ListItem","position":1,"name":"Home","item":"https:\/\/spletna-klinika.si\/ortodont\/"},{"@type":"ListItem","position":2,"name":"Ortodont na napotnico"}]},{"@type":"WebSite","@id":"https:\/\/spletna-klinika.si\/ortodont\/#website","url":"https:\/\/spletna-klinika.si\/ortodont\/","name":"Spletna klinika - Ortodont","description":"","potentialAction":[{"@type":"SearchAction","target":{"@type":"EntryPoint","urlTemplate":"https:\/\/spletna-klinika.si\/ortodont\/?s={search_term_string}"},"query-input":"required name=search_term_string"}],"inLanguage":"sl-SI"}]}},"_links":{"self":[{"href":"https:\/\/spletna-klinika.si\/ortodont\/wp-json\/wp\/v2\/pages\/6152"}],"collection":[{"href":"https:\/\/spletna-klinika.si\/ortodont\/wp-json\/wp\/v2\/pages"}],"about":[{"href":"https:\/\/spletna-klinika.si\/ortodont\/wp-json\/wp\/v2\/types\/page"}],"author":[{"embeddable":true,"href":"https:\/\/spletna-klinika.si\/ortodont\/wp-json\/wp\/v2\/users\/1"}],"replies":[{"embeddable":true,"href":"https:\/\/spletna-klinika.si\/ortodont\/wp-json\/wp\/v2\/comments?post=6152"}],"version-history":[{"count":34,"href":"https:\/\/spletna-klinika.si\/ortodont\/wp-json\/wp\/v2\/pages\/6152\/revisions"}],"predecessor-version":[{"id":7202,"href":"https:\/\/spletna-klinika.si\/ortodont\/wp-json\/wp\/v2\/pages\/6152\/revisions\/7202"}],"wp:attachment":[{"href":"https:\/\/spletna-klinika.si\/ortodont\/wp-json\/wp\/v2\/media?parent=6152"}],"curies":[{"name":"wp","href":"https:\/\/api.w.org\/{rel}","templated":true}]}}