{"id":5,"date":"2013-09-11T08:47:29","date_gmt":"2013-09-11T06:47:29","guid":{"rendered":"http:\/\/spletna-klinika.si\/zobozdravnik\/?page_id=5"},"modified":"2023-03-03T10:08:04","modified_gmt":"2023-03-03T09:08:04","slug":"ortodont","status":"publish","type":"page","link":"https:\/\/spletna-klinika.si\/ortodont\/","title":{"rendered":"Center odli\u010dnosti"},"content":{"rendered":"<div class=\"su-quote su-quote-style-2\">\n<div class=\"su-quote-shell\">V centru odli\u010dnosti za ortodontijo vam zagotavljamo hitro, ugodno in kakovostno ortodontsko terapijo. Z ekipo izku\u0161enih ortodontov smo v zadnjem letu zaklju\u010dili 850 ortodontskih terapij in namestili ve\u010d kot 1000 zobnih aparatov.<\/div>\n<\/div>\n<p><span style=\"font-size: 12pt; color: #333333;\">Spletna klinika &#8211; ortodont vam v Centru odli\u010dnosti za ortodontijo v Zagrebu zagotavlja vrhunske storitve za otroke, mladostnike in odrasle. Ekipa ortodontov k zdravljenju posameznika pristopa individualno in pacientu posve\u010da popolno pozornost ob njegovem nejgivem prvem obisku, v \u010dasu terapije in po kon\u010dani terapiji. <\/span><\/p>\n<p><span style=\"font-size: 12pt; color: #333333;\">Prosimo izberite storitev ki vas zanima.<\/span><\/p>\n<p><span style=\"font-size: 12pt; color: #333333;\"><a href=\"https:\/\/spletna-klinika.si\/ortodont\/na-napotnico\/\"><img loading=\"lazy\" class=\"aligncenter wp-image-6430\" src=\"https:\/\/spletna-klinika.si\/ortodont\/wp-content\/uploads\/2018\/03\/ORTODONT-NA-NAPOTNICO.jpg\" alt=\"ortodont\" width=\"700\" height=\"468\" srcset=\"https:\/\/spletna-klinika.si\/ortodont\/wp-content\/uploads\/2018\/03\/ORTODONT-NA-NAPOTNICO.jpg 800w, https:\/\/spletna-klinika.si\/ortodont\/wp-content\/uploads\/2018\/03\/ORTODONT-NA-NAPOTNICO-300x201.jpg 300w, https:\/\/spletna-klinika.si\/ortodont\/wp-content\/uploads\/2018\/03\/ORTODONT-NA-NAPOTNICO-768x514.jpg 768w\" sizes=\"(max-width: 700px) 100vw, 700px\" \/><\/a><\/span><\/p>\n<p><a href=\"https:\/\/spletna-klinika.si\/ortodont\/zobni-aparat\/\"><img loading=\"lazy\" class=\"aligncenter wp-image-6433\" src=\"https:\/\/spletna-klinika.si\/ortodont\/wp-content\/uploads\/2018\/03\/ZOBNI-APARAT-ZA-ODRASLE.jpg\" alt=\"\" width=\"700\" height=\"474\" srcset=\"https:\/\/spletna-klinika.si\/ortodont\/wp-content\/uploads\/2018\/03\/ZOBNI-APARAT-ZA-ODRASLE.jpg 775w, https:\/\/spletna-klinika.si\/ortodont\/wp-content\/uploads\/2018\/03\/ZOBNI-APARAT-ZA-ODRASLE-300x203.jpg 300w, https:\/\/spletna-klinika.si\/ortodont\/wp-content\/uploads\/2018\/03\/ZOBNI-APARAT-ZA-ODRASLE-768x520.jpg 768w\" sizes=\"(max-width: 700px) 100vw, 700px\" \/><\/a><\/p>\n<p><span style=\"color: #33cccc;\">Naro\u010danje brez \u010dakalne dobe!<\/span><\/p>\n<p class=\"p1\"><span style=\"font-size: 12pt;\"><span style=\"color: #333333;\">Pri ortodontu se lahko naro\u010dite na specialisti\u010dni pregled v Center odli\u010dnosti za ortodontijo na telefonski \u0161tevilki 041 440 905 ali preko spodnjega kontaktnega obrazca. Va\u0161 prvi obisk na katerem bomo opravili klini\u010dni pregled, diagnostiko in pripravili plan terapije je BREZPLA\u010cEN. Termin si lahko rezervirate na telefonski \u0161tevilki 041 440 905 ali pa to storite preko kontaktnega obrazca s klikom na spodnjo povezavo:<\/span><\/span> <span style=\"font-size: 12pt;\"><span style=\"color: #33cccc;\"><a style=\"color: #33cccc;\" href=\"http:\/\/spletna-klinika.si\/contact\/\">Naro\u010dam se na brezpla\u010dni pregled in<\/a><\/span><\/span><span style=\"font-size: 12pt;\"><span style=\"color: #33cccc;\"><a style=\"color: #33cccc;\" href=\"https:\/\/spletna-klinika.si\/ortodont\/kontakt\/\"> posvet<\/a><\/span><\/span><span style=\"font-size: 12pt;\">. Preusmerjeni boste na novo spletno stran.<br \/>\n<\/span><\/p>\n<h2><span style=\"color: #33cccc;\">Zobni aparati<\/span><\/h2>\n<p><span style=\"color: #333333; font-size: 12pt;\">V Centru odli\u010dnosti uporabljamo sisteme zobnih aparatov priznanih blagovnih. S temi sistemi lahko pacientom zagotavljamo uspe\u0161ne in hitre terapije. Na podlagi dolo\u010dene anomalije pa izberemo sistem, ki je za pacienta najbolj\u0161a re\u0161itev. Blagovne znamke ki so vam na voljo: Damon, Forestadent, Invisalign, Ormco ipd.<\/span><\/p>\n<h2><span style=\"color: #33cccc;\">Ortodont na napotnico &#8211; Povra\u010dilo stro\u0161kov ortodontskega zdravljenja na napotnico ZZZS<\/span><\/h2>\n<p><span style=\"font-size: 12pt; color: #333333;\">Skladno s 44.c \u010dlenom ZZVZZ ima zavarovana oseba v skladu z dolo\u010dbami Direktive 2011\/24\/EU pravico do <\/span><span style=\"font-size: 12pt; color: #333333;\"><strong>povra\u010dila stro\u0161kov zdravstvenih storitev<\/strong><\/span><span style=\"font-size: 12pt; color: #333333;\">, ki so pravica iz obveznega zavarovanja v Republiki Sloveniji in ki jih uveljavi v drugi dr\u017eavi \u010dlanici Evropske unije. Pred pregledom in pri\u010detkom ortodontske terapije pridobite pri va\u0161em zdravniku <\/span><span style=\"font-size: 12pt; color: #333333;\"><strong>napotnico<\/strong><\/span><span style=\"font-size: 12pt; color: #333333;\"> in uveljavite <\/span><span style=\"font-size: 12pt; color: #333333;\"><a href=\"http:\/\/www.nkt-z.si\/wps\/portal\/nktz\/home\/healthcare\/reimbursement\/procedure\/\"><strong>povra\u010dilo stro\u0161kov<\/strong><\/a><\/span> <span style=\"font-size: 12pt; color: #333333;\">opravljene storitve iz naslova ZZZS. Velja za paciente mlaj\u0161e od 16 let ali za paciente katerih terapija po zdravljenju v Sloveniji ni bila uspe\u0161na<\/span><span style=\"font-size: 12pt; color: #333333;\"><em>.<\/em><\/span><\/p>\n<p><span style=\"color: #333333; font-size: 12pt;\">Svetovanje glede povra\u010dila stro\u0161kov je BREZPLA\u010cNO. Za vse informacije smo vam na voljo na \u0161tevilki 041 440 905.<\/span><\/p>\n","protected":false},"excerpt":{"rendered":"<p>Spletna klinika &#8211; ortodont vam v Centru odli\u010dnosti za ortodontijo v Zagrebu zagotavlja vrhunske storitve za otroke, mladostnike in odrasle. Ekipa ortodontov k zdravljenju posameznika pristopa individualno in pacientu posve\u010da popolno pozornost ob njegovem nejgivem prvem obisku, v \u010dasu terapije in po kon\u010dani terapiji. Prosimo izberite storitev ki vas zanima. Naro\u010danje brez \u010dakalne dobe! Pri [&hellip;]<\/p>\n","protected":false},"author":1,"featured_media":0,"parent":0,"menu_order":0,"comment_status":"closed","ping_status":"closed","template":"","meta":[],"yoast_head":"<!-- This site is optimized with the Yoast SEO plugin v20.6 - https:\/\/yoast.com\/wordpress\/plugins\/seo\/ -->\n<title>Ortodont | Spletna klinika | Center odli\u010dnosti za ortodontijo<\/title>\n<meta name=\"description\" content=\"Ortodont za otroke in odrasle v moderno opremljenem centru vam zagotavja visoko kakovost storitev. naro\u010dite na prvi BREZPLA\u010cN PREGLED.\" \/>\n<meta name=\"robots\" content=\"index, follow, max-snippet:-1, max-image-preview:large, max-video-preview:-1\" \/>\n<link rel=\"canonical\" href=\"https:\/\/spletna-klinika.si\/ortodont\/\" \/>\n<meta property=\"og:locale\" content=\"sl_SI\" \/>\n<meta property=\"og:type\" content=\"article\" \/>\n<meta property=\"og:title\" content=\"Ortodont | Spletna klinika | Center odli\u010dnosti za ortodontijo\" \/>\n<meta property=\"og:description\" content=\"Ortodont za otroke in odrasle v moderno opremljenem centru vam zagotavja visoko kakovost storitev. naro\u010dite na prvi BREZPLA\u010cN PREGLED.\" \/>\n<meta property=\"og:url\" content=\"https:\/\/spletna-klinika.si\/ortodont\/\" \/>\n<meta property=\"og:site_name\" content=\"Spletna klinika - Ortodont\" \/>\n<meta property=\"article:modified_time\" content=\"2023-03-03T09:08:04+00:00\" \/>\n<meta property=\"og:image\" content=\"http:\/\/spletna-klinika.si\/ortodont\/wp-content\/uploads\/2018\/03\/ORTODONT-NA-NAPOTNICO.jpg\" \/>\n<meta name=\"twitter:card\" content=\"summary_large_image\" \/>\n<meta name=\"twitter:label1\" content=\"Est. reading time\" \/>\n\t<meta name=\"twitter:data1\" content=\"3 minute\" \/>\n<script type=\"application\/ld+json\" class=\"yoast-schema-graph\">{\"@context\":\"https:\/\/schema.org\",\"@graph\":[{\"@type\":\"WebPage\",\"@id\":\"https:\/\/spletna-klinika.si\/ortodont\/\",\"url\":\"https:\/\/spletna-klinika.si\/ortodont\/\",\"name\":\"Ortodont | Spletna klinika | Center odli\u010dnosti za ortodontijo\",\"isPartOf\":{\"@id\":\"https:\/\/spletna-klinika.si\/ortodont\/#website\"},\"datePublished\":\"2013-09-11T06:47:29+00:00\",\"dateModified\":\"2023-03-03T09:08:04+00:00\",\"description\":\"Ortodont za otroke in odrasle v moderno opremljenem centru vam zagotavja visoko kakovost storitev. naro\u010dite na prvi BREZPLA\u010cN PREGLED.\",\"breadcrumb\":{\"@id\":\"https:\/\/spletna-klinika.si\/ortodont\/#breadcrumb\"},\"inLanguage\":\"sl-SI\",\"potentialAction\":[{\"@type\":\"ReadAction\",\"target\":[\"https:\/\/spletna-klinika.si\/ortodont\/\"]}]},{\"@type\":\"BreadcrumbList\",\"@id\":\"https:\/\/spletna-klinika.si\/ortodont\/#breadcrumb\",\"itemListElement\":[{\"@type\":\"ListItem\",\"position\":1,\"name\":\"Home\",\"item\":\"https:\/\/spletna-klinika.si\/ortodont\/\"},{\"@type\":\"ListItem\",\"position\":2,\"name\":\"Center odli\u010dnosti\"}]},{\"@type\":\"WebSite\",\"@id\":\"https:\/\/spletna-klinika.si\/ortodont\/#website\",\"url\":\"https:\/\/spletna-klinika.si\/ortodont\/\",\"name\":\"Spletna klinika - Ortodont\",\"description\":\"\",\"potentialAction\":[{\"@type\":\"SearchAction\",\"target\":{\"@type\":\"EntryPoint\",\"urlTemplate\":\"https:\/\/spletna-klinika.si\/ortodont\/?s={search_term_string}\"},\"query-input\":\"required name=search_term_string\"}],\"inLanguage\":\"sl-SI\"}]}<\/script>\n<!-- \/ Yoast SEO plugin. -->","yoast_head_json":{"title":"Ortodont | Spletna klinika | Center odli\u010dnosti za ortodontijo","description":"Ortodont za otroke in odrasle v moderno opremljenem centru vam zagotavja visoko kakovost storitev. naro\u010dite na prvi BREZPLA\u010cN PREGLED.","robots":{"index":"index","follow":"follow","max-snippet":"max-snippet:-1","max-image-preview":"max-image-preview:large","max-video-preview":"max-video-preview:-1"},"canonical":"https:\/\/spletna-klinika.si\/ortodont\/","og_locale":"sl_SI","og_type":"article","og_title":"Ortodont | Spletna klinika | Center odli\u010dnosti za ortodontijo","og_description":"Ortodont za otroke in odrasle v moderno opremljenem centru vam zagotavja visoko kakovost storitev. naro\u010dite na prvi BREZPLA\u010cN PREGLED.","og_url":"https:\/\/spletna-klinika.si\/ortodont\/","og_site_name":"Spletna klinika - Ortodont","article_modified_time":"2023-03-03T09:08:04+00:00","og_image":[{"url":"http:\/\/spletna-klinika.si\/ortodont\/wp-content\/uploads\/2018\/03\/ORTODONT-NA-NAPOTNICO.jpg"}],"twitter_card":"summary_large_image","twitter_misc":{"Est. reading time":"3 minute"},"schema":{"@context":"https:\/\/schema.org","@graph":[{"@type":"WebPage","@id":"https:\/\/spletna-klinika.si\/ortodont\/","url":"https:\/\/spletna-klinika.si\/ortodont\/","name":"Ortodont | Spletna klinika | Center odli\u010dnosti za ortodontijo","isPartOf":{"@id":"https:\/\/spletna-klinika.si\/ortodont\/#website"},"datePublished":"2013-09-11T06:47:29+00:00","dateModified":"2023-03-03T09:08:04+00:00","description":"Ortodont za otroke in odrasle v moderno opremljenem centru vam zagotavja visoko kakovost storitev. naro\u010dite na prvi BREZPLA\u010cN PREGLED.","breadcrumb":{"@id":"https:\/\/spletna-klinika.si\/ortodont\/#breadcrumb"},"inLanguage":"sl-SI","potentialAction":[{"@type":"ReadAction","target":["https:\/\/spletna-klinika.si\/ortodont\/"]}]},{"@type":"BreadcrumbList","@id":"https:\/\/spletna-klinika.si\/ortodont\/#breadcrumb","itemListElement":[{"@type":"ListItem","position":1,"name":"Home","item":"https:\/\/spletna-klinika.si\/ortodont\/"},{"@type":"ListItem","position":2,"name":"Center odli\u010dnosti"}]},{"@type":"WebSite","@id":"https:\/\/spletna-klinika.si\/ortodont\/#website","url":"https:\/\/spletna-klinika.si\/ortodont\/","name":"Spletna klinika - Ortodont","description":"","potentialAction":[{"@type":"SearchAction","target":{"@type":"EntryPoint","urlTemplate":"https:\/\/spletna-klinika.si\/ortodont\/?s={search_term_string}"},"query-input":"required name=search_term_string"}],"inLanguage":"sl-SI"}]}},"_links":{"self":[{"href":"https:\/\/spletna-klinika.si\/ortodont\/wp-json\/wp\/v2\/pages\/5"}],"collection":[{"href":"https:\/\/spletna-klinika.si\/ortodont\/wp-json\/wp\/v2\/pages"}],"about":[{"href":"https:\/\/spletna-klinika.si\/ortodont\/wp-json\/wp\/v2\/types\/page"}],"author":[{"embeddable":true,"href":"https:\/\/spletna-klinika.si\/ortodont\/wp-json\/wp\/v2\/users\/1"}],"replies":[{"embeddable":true,"href":"https:\/\/spletna-klinika.si\/ortodont\/wp-json\/wp\/v2\/comments?post=5"}],"version-history":[{"count":159,"href":"https:\/\/spletna-klinika.si\/ortodont\/wp-json\/wp\/v2\/pages\/5\/revisions"}],"predecessor-version":[{"id":7165,"href":"https:\/\/spletna-klinika.si\/ortodont\/wp-json\/wp\/v2\/pages\/5\/revisions\/7165"}],"wp:attachment":[{"href":"https:\/\/spletna-klinika.si\/ortodont\/wp-json\/wp\/v2\/media?parent=5"}],"curies":[{"name":"wp","href":"https:\/\/api.w.org\/{rel}","templated":true}]}}