{"id":5,"date":"2013-09-11T08:47:29","date_gmt":"2013-09-11T06:47:29","guid":{"rendered":"http:\/\/spletna-klinika.si\/zobozdravnik\/?page_id=5"},"modified":"2023-11-06T11:03:10","modified_gmt":"2023-11-06T10:03:10","slug":"o-nas","status":"publish","type":"page","link":"http:\/\/spletna-klinika.si\/ortopedija\/","title":{"rendered":"O KLINIKI"},"content":{"rendered":"<p style=\"text-align: justify;\">\n<div class=\"su-quote su-quote-style-2\">\n<div class=\"su-quote-shell\">Specialisti\u010dna bolnica Sveta Katarina je edinstvena bolnica za ortopedijo, kirurgijo, interno medicino, nevrologijo, gastroskopijo in fizikalno medicino s centrom za zdravljenje bolezni hrbtenice in diagnostiko v regiji.<\/div>\n<\/div>\n<h1 class=\"p1\" style=\"text-align: justify;\"><span style=\"color: #33cccc;\">Izberite hitrej\u0161o pot do va\u0161ega zdravja!<\/span><\/h1>\n<p class=\"p1\" style=\"text-align: justify;\"><span style=\"font-size: 12pt; color: #333333;\"><strong>\u010cakalne dobe<\/strong> za pregled pri specialistu, preiskave, operativni poseg, vse to lahko s pomo\u010djo Spletne klinike presko\u010dite in za va\u0161e zdravje poskrbite \u017ee jutri.<\/span><\/p>\n<p style=\"text-align: justify;\"><span style=\"font-size: 12pt; color: #333333;\">Zaradi nizkih cen v <strong>Specialni bolni\u0161nici Sveta Katarina<\/strong> se mnogo strank odlo\u010da za samopla\u010dni\u0161ke preglede, \u0161tevilni pa dobijo povrnjene stro\u0161ke s strani ZZZS. Na podlagi evropske direktive o \u010dezmejnem varstvu lahko namre\u010d vsak zavarovanec ZZZS z napotnico odide na pregled ali poseg v drugo dr\u017eavo EU, stro\u0161ke pa mu zavod vrne. <\/span><\/p>\n<p style=\"text-align: justify;\"><span style=\"font-size: 12pt; color: #333333;\">\u0160tevilni Slovenci odhajajo v Sveto Katarino na preglede denimo na <strong>koloskopijo, gastroskopijo, magnetno resonanco, ultrazvo\u010dno diagnostiko, ultrazvok kolkov, diagnostiko bolezni hrbtenice in nevrolo\u0161ko diagnostiko.<\/strong> Specialisti\u010dna bolni\u0161nica je tako priljubljena trudi zato, ker dela tamkaj\u0161nja ekipa le v skladu z najvi\u0161jimi strokovnimi standardi.<\/span><\/p>\n<p class=\"p1\" style=\"text-align: justify;\"><span style=\"font-size: 12pt; color: #333333;\">V spodnji obrazec vpi\u0161ite va\u0161e podatke in ozna\u010dite storitev, ki vas zanima. Na\u0161i svetovalci, vas bodo kontaktirali v najkraj\u0161em mo\u017enem \u010dasu in vam odgovorili na vsa va\u0161a vpra\u0161nja ter vas seznanili z va\u0161imi mo\u017enostmi zdravljenja.<\/span><\/p>\n<div class=\"su-column su-column-1-2 su-column-style-0\">\n<h2><span style=\"color: #33cccc;\">Na\u0161a ponudba obsega:<\/span><\/h2>\n<ul>\n<li><span style=\"font-size: 12pt;\">Center za ortopedijo<\/span><\/li>\n<li><span style=\"font-size: 12pt;\">Center za hrbtenico<\/span><\/li>\n<li><span style=\"font-size: 12pt;\">Diagnostika<\/span><\/li>\n<li><span style=\"font-size: 12pt;\">Gastroenterologija<\/span><\/li>\n<li><span style=\"font-size: 12pt;\">Nevrologija<\/span><\/li>\n<li><span style=\"font-size: 12pt;\">Zdravljenje bole\u010din<\/span><\/li>\n<li><span style=\"font-size: 12pt;\">Kirurgija<\/span><\/li>\n<li><span style=\"font-size: 12pt;\">Rehabilitacija<\/span><\/li>\n<\/ul>\n<p><a href=\"http:\/\/spletna-klinika.si\/ortopedija\/wp-content\/uploads\/2013\/09\/sv.katarinaMR.jpg\"><img loading=\"lazy\" class=\"alignleft wp-image-6435\" src=\"http:\/\/spletna-klinika.si\/ortopedija\/wp-content\/uploads\/2013\/09\/sv.katarinaMR.jpg\" alt=\"sv.katarinaMR\" width=\"440\" height=\"330\" srcset=\"http:\/\/spletna-klinika.si\/ortopedija\/wp-content\/uploads\/2013\/09\/sv.katarinaMR.jpg 720w, http:\/\/spletna-klinika.si\/ortopedija\/wp-content\/uploads\/2013\/09\/sv.katarinaMR-300x225.jpg 300w\" sizes=\"(max-width: 440px) 100vw, 440px\" \/><\/a><\/p>\n<\/div>\n<div class=\"su-column su-column-1-2 su-column-last su-column-style-0\"><\/div>\n<div class=\"clear\"><\/div>\n<p>&nbsp;<\/p>\n<h2 style=\"text-align: justify;\"><span style=\"color: #33cccc;\">O bolnici Sveta Katarina<\/span><\/h2>\n<p style=\"text-align: justify;\"><span style=\"font-size: 12pt; color: #333333;\">Specialisti\u010dna bolnica Sveta Katarina je edinstvena, najmodernej\u0161a specialna bolnica za ortopedijo, kirurgijo, interno medicino, nevrologijo, gastroskopijo in fizikalno medicino s centrom za zdravljenje bolezni hrbtenice in diagnostiko v regiji.<\/span><\/p>\n<p style=\"text-align: justify;\"><span style=\"font-size: 12pt; color: #333333;\">Pri svojem delu se v SB Sveta Katarina dr\u017eijo na\u010dela natan\u010dnosti, to\u010dnosti in da se vse\u00a0 preiskave in pregledi opravijo v dogovorjenem terminu. Zagotavljamo vam<strong> ekipo najbolj\u0161ih specialistov, <\/strong>ki vas bo\u00a0 prijazno sprejela in spo\u0161tovala va\u0161o pravico, da se vam je potrebno posvetiti z vso skrbnostjo ter z upo\u0161tevanjem va\u0161ih prepri\u010danj in vrednost.<\/span><\/p>\n<p style=\"text-align: justify;\"><span style=\"font-size: 12pt; color: #333333;\">Svoje storitve nudijo\u00a0 vsem bolnikom ne glede na raso, spol, starost, zdravstveno stanje, zakonski stan, nacionalnost ali etni\u010dno pripadnost, veroizpoved ali vir pla\u010dila. V SB Sveta Katarina bodo poskrbeli, da je bolni\u0161nica dostopna bolnikom s ote\u017eenim gibanjem in bolnikom s posebnimi potrebami. Poskrbeli bodo za va\u0161o varnost in udobje ter vas spodbujala k sodelovanju pri pregledu ter pri dajanju pripomb in predlogov.\u00a0V vsakem trenutku ima pacinet pravico zavrniti na\u0161o storitev, vendar vam zaupamo, da boste z va\u0161im zdravnikom preu\u010dili odlo\u010ditev o zavrnitvi pregleda in posledice tak\u0161ne odlo\u010ditve.<\/span><\/p>\n<p style=\"text-align: justify;\"><span style=\"font-size: 12pt; color: #333333;\">V bolnici uporabljajo <strong>najnovej\u0161e tehnologije<\/strong> in postopki zdravljenja v sodelovanju <strong>z vodilnimi evropskimi in ameri\u0161kimi ustanovami<\/strong> in strokovnjaki, kar je garancija za izjemnost dela bolni\u0161nice skladno najvi\u0161jim svetovnim standardom dobre medicinske prakse. Sveta Katarina je edina bolni\u0161nica v tem delu Evrope, ki na enem kraju, z multidisciplinarnim pristopom, uporabljajo\u010d <strong>najsodobnej\u0161o opremo in najnovej\u0161e postopke zdravljenja<\/strong>, omogo\u010dajo vrhunsko diagnostiko, najbolj\u0161i terapijsko-operacijski postopek in individualno pripravljeno rehabilitacijo. Nedvomno je, da je to<strong> garancija<\/strong> za najhitrej\u0161o in <strong>nebole\u010do vrnitev<\/strong> v normalno \u017eivljenje z kvalitetno <strong>re\u0161itvijo zdravstvenega problema<\/strong>.<\/span><\/p>\n<p style=\"text-align: justify;\"><span style=\"font-size: 12pt; color: #333333;\">Eden od najbolj vseobsegajo\u010dih rehabilitacijskih programov v Republiki Hrva\u0161ki se izvaja v na\u0161i bolni\u0161nici in obsega tretiranje bole\u010dinskih stanj sklepov in <strong>hrbtenice<\/strong> po po\u0161kodbah (\u0161portne po\u0161kodbe, sindromi prenapenjanja) ali zaradi degenerativnih bolezni (artroza, degenerativne spremembe hrbtenice) in nato <strong>preoperativno<\/strong> in <strong>pooperativno rehabilitacijo<\/strong> po ortopedskih in kirur\u0161kih posegih.<\/span><\/p>\n<p style=\"text-align: justify;\"><span style=\"font-size: 12pt; color: #333333;\">V SB Sveta Katarina spremljajo <strong>najnovej\u0161e dose\u017eke<\/strong> in uporabljajo najsodobnej\u0161o opremo, ki omogo\u010da hitro in kvalitetno obravnavo pacienta, tako v <strong>diagnostiki in zdravljenju<\/strong> kot v rehabilitaciji. Nudimo vam <strong>osebni stik z zdravnikom \u2013 specialistom<\/strong>, individualno svetovanje preko dogovorjenega programa in izbiro zdravnika. Ker spo\u0161tujemo va\u0161 \u010das, vam zagotavljamo, da \u00a0boste\u00a0vse preglede opravili v najkraj\u0161em mo\u017enem \u010dasu.<\/span><\/p>\n<p style=\"text-align: justify;\"><span style=\"font-size: 12pt; color: #333333;\">Poskrbeli bomo, da bo Va\u0161e zadovoljstvo s storitvami na prvem mestu in da bo Va\u0161 obisk bolnice prijetna izku\u0161nja.<br \/>\n<\/span><\/p>\n<hr \/>\n<h2 style=\"text-align: justify;\"><span style=\"color: #33cccc;\">Pacienti SB Sveta Katarina<\/span><\/h2>\n<p style=\"text-align: justify;\"><span style=\"color: #333333; font-size: 12pt;\">V bolni\u0161nici Sveta Katarina se zdravijo pacienti iz ZDA, Kanade, Nem\u010dije, Francije, Irske, Iraka, Slovenije, Avstrije, Avstralije, Libije, BiH, Srbije, Makedonije, Tur\u010dije, med njimi pa so bili Doris Pack, igralec hokeja Mathieu Carle, Ivica Oli\u0107, Ivica in Janica Kosteli\u0107, Niko Kranj\u010dar, Bla\u017eenko Lackovi\u0107, Ivano Bali\u0107, Marin \u010cili\u0107, Blanka Vla\u0161i\u0107, Mirko Filipovi\u0107, Mario Mand\u017euki\u0107, Toni Cetinsky, Severina Vu\u010dkovi\u0107 in \u0161tevilni drugi.<\/span><\/p>\n<h2 style=\"text-align: justify;\"><span style=\"color: #33cccc;\">Nagrade in priznanja<\/span><\/h2>\n<p style=\"text-align: justify;\"><span style=\"font-size: 12pt; color: #333333;\">Specialni bolni\u0161nici za ortopedijo, kirurgijo, nevrologijo in fizikalno medicino in rehabilitacijo Sveta Katarina je dne 27.2.2014 sve\u010dano podeljena nagrada \u201cThe Leading Hospitals of the World\u201d, s \u010dimer se je bolni\u0161nica vklju\u010dila v seznam redkih evropskih zdravstvenih institucij, kateri je podeljena ta presti\u017ena nagrada. Nagrada se podeljuje bolni\u0161nicah za njihovo izjemnost v raznih podro\u010djih dela, predvsem kakovosti storitev, strokovnost kadra in ostalo.<\/span><\/p>\n<p><a href=\"http:\/\/spletna-klinika.si\/ortopedija\/wp-content\/uploads\/2015\/02\/svkatarinanovilogo1.png\"><img loading=\"lazy\" class=\"alignleft size-medium wp-image-6686\" src=\"http:\/\/spletna-klinika.si\/ortopedija\/wp-content\/uploads\/2015\/02\/svkatarinanovilogo1-300x60.png\" alt=\"svkatarinanovilogo1\" width=\"300\" height=\"60\" srcset=\"http:\/\/spletna-klinika.si\/ortopedija\/wp-content\/uploads\/2015\/02\/svkatarinanovilogo1-300x60.png 300w, http:\/\/spletna-klinika.si\/ortopedija\/wp-content\/uploads\/2015\/02\/svkatarinanovilogo1.png 600w\" sizes=\"(max-width: 300px) 100vw, 300px\" \/><\/a><a href=\"http:\/\/spletna-klinika.si\/ortopedija\/wp-content\/uploads\/2015\/02\/13620322_1049794675056753_5590225711424250463_n-120x120.png\"><img loading=\"lazy\" class=\"alignleft size-full wp-image-6687\" src=\"http:\/\/spletna-klinika.si\/ortopedija\/wp-content\/uploads\/2015\/02\/13620322_1049794675056753_5590225711424250463_n-120x120.png\" alt=\"13620322_1049794675056753_5590225711424250463_n-120x120\" width=\"120\" height=\"120\" \/><\/a><a href=\"http:\/\/spletna-klinika.si\/ortopedija\/wp-content\/uploads\/2015\/02\/EBA.png\"><img loading=\"lazy\" class=\"alignleft size-full wp-image-6688\" src=\"http:\/\/spletna-klinika.si\/ortopedija\/wp-content\/uploads\/2015\/02\/EBA.png\" alt=\"eba\" width=\"120\" height=\"120\" \/><\/a><a href=\"http:\/\/spletna-klinika.si\/ortopedija\/wp-content\/uploads\/2015\/02\/quada-120x120.png\"><img loading=\"lazy\" class=\"alignleft size-full wp-image-6689\" src=\"http:\/\/spletna-klinika.si\/ortopedija\/wp-content\/uploads\/2015\/02\/quada-120x120.png\" alt=\"quada-120x120\" width=\"120\" height=\"120\" \/><\/a><img loading=\"lazy\" class=\"alignleft wp-image-6727\" src=\"http:\/\/spletna-klinika.si\/ortopedija\/wp-content\/uploads\/2015\/03\/resize-300x212.png\" alt=\"resize\" width=\"184\" height=\"130\" srcset=\"http:\/\/spletna-klinika.si\/ortopedija\/wp-content\/uploads\/2015\/03\/resize-300x212.png 300w, http:\/\/spletna-klinika.si\/ortopedija\/wp-content\/uploads\/2015\/03\/resize.png 490w\" sizes=\"(max-width: 184px) 100vw, 184px\" \/><\/p>\n","protected":false},"excerpt":{"rendered":"<p>Izberite hitrej\u0161o pot do va\u0161ega zdravja! \u010cakalne dobe za pregled pri specialistu, preiskave, operativni poseg, vse to lahko s pomo\u010djo Spletne klinike presko\u010dite in za va\u0161e zdravje poskrbite \u017ee jutri. Zaradi nizkih cen v Specialni bolni\u0161nici Sveta Katarina se mnogo strank odlo\u010da za samopla\u010dni\u0161ke preglede, \u0161tevilni pa dobijo povrnjene stro\u0161ke s strani ZZZS. Na podlagi [&hellip;]<\/p>\n","protected":false},"author":1,"featured_media":0,"parent":0,"menu_order":0,"comment_status":"closed","ping_status":"closed","template":"","meta":[],"yoast_head":"<!-- This site is optimized with the Yoast SEO plugin v19.6 - https:\/\/yoast.com\/wordpress\/plugins\/seo\/ -->\n<title>O KLINIKI - Spletna klinika - Ortopedija<\/title>\n<meta name=\"robots\" content=\"index, follow, max-snippet:-1, max-image-preview:large, max-video-preview:-1\" \/>\n<link rel=\"canonical\" href=\"https:\/\/spletna-klinika.si\/ortopedija\/\" \/>\n<meta property=\"og:locale\" content=\"sl_SI\" \/>\n<meta property=\"og:type\" content=\"article\" \/>\n<meta property=\"og:title\" content=\"O KLINIKI - Spletna klinika - Ortopedija\" \/>\n<meta property=\"og:description\" content=\"Izberite hitrej\u0161o pot do va\u0161ega zdravja! \u010cakalne dobe za pregled pri specialistu, preiskave, operativni poseg, vse to lahko s pomo\u010djo Spletne klinike presko\u010dite in za va\u0161e zdravje poskrbite \u017ee jutri. Zaradi nizkih cen v Specialni bolni\u0161nici Sveta Katarina se mnogo strank odlo\u010da za samopla\u010dni\u0161ke preglede, \u0161tevilni pa dobijo povrnjene stro\u0161ke s strani ZZZS. Na podlagi [&hellip;]\" \/>\n<meta property=\"og:url\" content=\"https:\/\/spletna-klinika.si\/ortopedija\/\" \/>\n<meta property=\"og:site_name\" content=\"Spletna klinika - Ortopedija\" \/>\n<meta property=\"article:modified_time\" content=\"2023-11-06T10:03:10+00:00\" \/>\n<meta property=\"og:image\" content=\"http:\/\/spletna-klinika.si\/ortopedija\/wp-content\/uploads\/2013\/09\/sv.katarinaMR.jpg\" \/>\n<meta name=\"twitter:card\" content=\"summary_large_image\" \/>\n<meta name=\"twitter:label1\" content=\"Est. reading time\" \/>\n\t<meta name=\"twitter:data1\" content=\"6 minut\" \/>\n<script type=\"application\/ld+json\" class=\"yoast-schema-graph\">{\"@context\":\"https:\/\/schema.org\",\"@graph\":[{\"@type\":\"WebPage\",\"@id\":\"https:\/\/spletna-klinika.si\/ortopedija\/\",\"url\":\"https:\/\/spletna-klinika.si\/ortopedija\/\",\"name\":\"O KLINIKI - Spletna klinika - Ortopedija\",\"isPartOf\":{\"@id\":\"http:\/\/spletna-klinika.si\/ortopedija\/#website\"},\"datePublished\":\"2013-09-11T06:47:29+00:00\",\"dateModified\":\"2023-11-06T10:03:10+00:00\",\"breadcrumb\":{\"@id\":\"https:\/\/spletna-klinika.si\/ortopedija\/#breadcrumb\"},\"inLanguage\":\"sl-SI\",\"potentialAction\":[{\"@type\":\"ReadAction\",\"target\":[\"https:\/\/spletna-klinika.si\/ortopedija\/\"]}]},{\"@type\":\"BreadcrumbList\",\"@id\":\"https:\/\/spletna-klinika.si\/ortopedija\/#breadcrumb\",\"itemListElement\":[{\"@type\":\"ListItem\",\"position\":1,\"name\":\"Home\",\"item\":\"https:\/\/spletna-klinika.si\/ortopedija\/\"},{\"@type\":\"ListItem\",\"position\":2,\"name\":\"O KLINIKI\"}]},{\"@type\":\"WebSite\",\"@id\":\"http:\/\/spletna-klinika.si\/ortopedija\/#website\",\"url\":\"http:\/\/spletna-klinika.si\/ortopedija\/\",\"name\":\"Spletna klinika - Ortopedija\",\"description\":\"\",\"potentialAction\":[{\"@type\":\"SearchAction\",\"target\":{\"@type\":\"EntryPoint\",\"urlTemplate\":\"http:\/\/spletna-klinika.si\/ortopedija\/?s={search_term_string}\"},\"query-input\":\"required name=search_term_string\"}],\"inLanguage\":\"sl-SI\"}]}<\/script>\n<!-- \/ Yoast SEO plugin. -->","yoast_head_json":{"title":"O KLINIKI - Spletna klinika - Ortopedija","robots":{"index":"index","follow":"follow","max-snippet":"max-snippet:-1","max-image-preview":"max-image-preview:large","max-video-preview":"max-video-preview:-1"},"canonical":"https:\/\/spletna-klinika.si\/ortopedija\/","og_locale":"sl_SI","og_type":"article","og_title":"O KLINIKI - Spletna klinika - Ortopedija","og_description":"Izberite hitrej\u0161o pot do va\u0161ega zdravja! \u010cakalne dobe za pregled pri specialistu, preiskave, operativni poseg, vse to lahko s pomo\u010djo Spletne klinike presko\u010dite in za va\u0161e zdravje poskrbite \u017ee jutri. Zaradi nizkih cen v Specialni bolni\u0161nici Sveta Katarina se mnogo strank odlo\u010da za samopla\u010dni\u0161ke preglede, \u0161tevilni pa dobijo povrnjene stro\u0161ke s strani ZZZS. Na podlagi [&hellip;]","og_url":"https:\/\/spletna-klinika.si\/ortopedija\/","og_site_name":"Spletna klinika - Ortopedija","article_modified_time":"2023-11-06T10:03:10+00:00","og_image":[{"url":"http:\/\/spletna-klinika.si\/ortopedija\/wp-content\/uploads\/2013\/09\/sv.katarinaMR.jpg"}],"twitter_card":"summary_large_image","twitter_misc":{"Est. reading time":"6 minut"},"schema":{"@context":"https:\/\/schema.org","@graph":[{"@type":"WebPage","@id":"https:\/\/spletna-klinika.si\/ortopedija\/","url":"https:\/\/spletna-klinika.si\/ortopedija\/","name":"O KLINIKI - Spletna klinika - Ortopedija","isPartOf":{"@id":"http:\/\/spletna-klinika.si\/ortopedija\/#website"},"datePublished":"2013-09-11T06:47:29+00:00","dateModified":"2023-11-06T10:03:10+00:00","breadcrumb":{"@id":"https:\/\/spletna-klinika.si\/ortopedija\/#breadcrumb"},"inLanguage":"sl-SI","potentialAction":[{"@type":"ReadAction","target":["https:\/\/spletna-klinika.si\/ortopedija\/"]}]},{"@type":"BreadcrumbList","@id":"https:\/\/spletna-klinika.si\/ortopedija\/#breadcrumb","itemListElement":[{"@type":"ListItem","position":1,"name":"Home","item":"https:\/\/spletna-klinika.si\/ortopedija\/"},{"@type":"ListItem","position":2,"name":"O KLINIKI"}]},{"@type":"WebSite","@id":"http:\/\/spletna-klinika.si\/ortopedija\/#website","url":"http:\/\/spletna-klinika.si\/ortopedija\/","name":"Spletna klinika - Ortopedija","description":"","potentialAction":[{"@type":"SearchAction","target":{"@type":"EntryPoint","urlTemplate":"http:\/\/spletna-klinika.si\/ortopedija\/?s={search_term_string}"},"query-input":"required name=search_term_string"}],"inLanguage":"sl-SI"}]}},"_links":{"self":[{"href":"http:\/\/spletna-klinika.si\/ortopedija\/wp-json\/wp\/v2\/pages\/5"}],"collection":[{"href":"http:\/\/spletna-klinika.si\/ortopedija\/wp-json\/wp\/v2\/pages"}],"about":[{"href":"http:\/\/spletna-klinika.si\/ortopedija\/wp-json\/wp\/v2\/types\/page"}],"author":[{"embeddable":true,"href":"http:\/\/spletna-klinika.si\/ortopedija\/wp-json\/wp\/v2\/users\/1"}],"replies":[{"embeddable":true,"href":"http:\/\/spletna-klinika.si\/ortopedija\/wp-json\/wp\/v2\/comments?post=5"}],"version-history":[{"count":134,"href":"http:\/\/spletna-klinika.si\/ortopedija\/wp-json\/wp\/v2\/pages\/5\/revisions"}],"predecessor-version":[{"id":6917,"href":"http:\/\/spletna-klinika.si\/ortopedija\/wp-json\/wp\/v2\/pages\/5\/revisions\/6917"}],"wp:attachment":[{"href":"http:\/\/spletna-klinika.si\/ortopedija\/wp-json\/wp\/v2\/media?parent=5"}],"curies":[{"name":"wp","href":"https:\/\/api.w.org\/{rel}","templated":true}]}}