{"id":11,"date":"2013-09-11T10:36:15","date_gmt":"2013-09-11T08:36:15","guid":{"rendered":"http:\/\/spletna-klinika.si\/zobozdravnik\/?page_id=11"},"modified":"2022-08-24T14:37:53","modified_gmt":"2022-08-24T12:37:53","slug":"gastroenterologija-gastroskopija-kolonoskopija-uz-preiskave","status":"publish","type":"page","link":"http:\/\/spletna-klinika.si\/diagnostika\/gastroenterologija-gastroskopija-kolonoskopija-uz-preiskave\/","title":{"rendered":"GASTROENTEROLOGIJA"},"content":{"rendered":"<p><img loading=\"lazy\" class=\"aligncenter wp-image-6363\" src=\"http:\/\/spletna-klinika.si\/diagnostika\/wp-content\/uploads\/2013\/09\/happy-doctors.jpg\" alt=\"gastroskopija\" width=\"789\" height=\"217\" srcset=\"http:\/\/spletna-klinika.si\/diagnostika\/wp-content\/uploads\/2013\/09\/happy-doctors.jpg 1000w, http:\/\/spletna-klinika.si\/diagnostika\/wp-content\/uploads\/2013\/09\/happy-doctors-300x82.jpg 300w, http:\/\/spletna-klinika.si\/diagnostika\/wp-content\/uploads\/2013\/09\/happy-doctors-946x260.jpg 946w\" sizes=\"(max-width: 789px) 100vw, 789px\" \/><\/p>\n<div class=\"su-tabs su-tabs-style-1\">\n<div class=\"su-tabs-nav\"><span>Gastroskopija<\/span><span>Kolonoskopija<\/span><span>UZ trebuha<\/span><span>color dopler trebuha<\/span><span>Povra\u010dilo stro\u0161kov<\/span><\/div>\n<div class=\"su-tabs-panes\">\n<div class=\"su-tabs-pane\">\n<h1><span style=\"color: #33cccc;\">Gastroenterologija &#8211; Gastroskopija<\/span><\/h1>\n<p><span style=\"font-size: 12pt; color: #333333;\">Gastroenterologija se ukvarja z diagnostiko in zdravljenjem bolezni prebavil- po\u017eiralnika, \u010drevesja, jeter in trebu\u0161ne slinavke.<\/span><\/p>\n<p><span style=\"font-size: 12pt; color: #333333;\">Bolezni prebavil zavzemajo pomemben dele\u017e obolenj med prebivalstvom. Na\u010din prehranjevanja, tempo \u017eivljenja, stresne situacije, okolje, v katerem \u017eivimo in delamo ter nenazadnje dedne obremenitve, so tisti pomembni mejniki, ki lahko usodno vplivajo na nastanek in razvoj bolezni prebavil. Na\u0161e preiskave niso namenjene le odkrivanju in zdravljenju, ampak v vse ve\u010dji meri tudi preventivnemu delovanju oz. prepre\u010devanju razvoja\u00a0 bolezni in zgodnjemu odkrivanju.<\/span><\/p>\n<h3><span style=\"color: #33cccc;\">V okviru gastroenterologije vam nudimo naslednje storitve:<br \/>\n<\/span><\/h3>\n<ul>\n<li style=\"list-style-type: none;\">\n<ul>\n<li style=\"text-align: justify;\"><span style=\"font-size: 12pt; color: #333333;\">specialisti\u010dni pregledi za bolezni \u017eelodca, tankega in debelega \u010drevesja, jeter, \u017eol\u010da, \u017eol\u010devodov in trebu\u0161ne slinavke z podporo laboratorijskih preiskav,<\/span><\/li>\n<\/ul>\n<\/li>\n<\/ul>\n<ul>\n<li style=\"list-style-type: none;\">\n<ul>\n<li style=\"text-align: justify;\"><span style=\"font-size: 12pt; color: #333333;\">endoskopski pregledi (ezofagogastroduodenuoskopija, kolonoskopija z ali brez ileoskopije, rektoskopija),<\/span><\/li>\n<\/ul>\n<\/li>\n<\/ul>\n<ul>\n<li style=\"list-style-type: none;\">\n<ul>\n<li style=\"text-align: justify;\"><span style=\"font-size: 12pt; color: #333333;\">endoskopske intervencije (test za dokaz oku\u017ebe s Helicobacter pylori, biopsije sluznice GI trakta, polipektomije),<\/span><\/li>\n<\/ul>\n<\/li>\n<\/ul>\n<ul>\n<li style=\"list-style-type: none;\">\n<ul>\n<li style=\"text-align: justify;\"><span style=\"font-size: 12pt; color: #333333;\">UZV diagnostika GE bolezni,<\/span><\/li>\n<\/ul>\n<\/li>\n<\/ul>\n<ul>\n<li style=\"list-style-type: none;\">\n<ul>\n<li style=\"text-align: justify;\"><span style=\"font-size: 12pt; color: #333333;\">RTG preiskave (po\u017eiralnika, \u017eelodca, tankega \u010drevesja (jejunoileografija) in \u0161irokega \u010drevesja (irigografija)<\/span><\/li>\n<\/ul>\n<\/li>\n<\/ul>\n<ul>\n<li style=\"text-align: justify;\"><span style=\"font-size: 12pt; color: #333333;\">CT i MR diagnostika bolezni trebu\u0161nih organov<\/span><\/li>\n<\/ul>\n<hr \/>\n<h3><span style=\"color: #33cccc;\">Nebole\u010da gastroskopija v anesteziji!<\/span><\/h3>\n<p style=\"text-align: justify;\"><span style=\"font-size: 12pt; color: #333333;\"><strong>Sedacija ali anastezija\u00a0<\/strong>je postopek v katerem\u00a0 pacienta pred preiskavami uspavamo, dovolj globoko, da se ne pojavijo ne \u017eeljeni refleksi med samo preiskavo, kot so slabost in s tem bruhanje in da pacinet ne ob\u010duti bole\u010dine pri samem postopku preiskave. Za razliko od splo\u0161ne anastezije je pacinet v sedaciji v globokem snu in diha samostojno. <strong>Anesteziolog<\/strong> budno spremlja pacienta in njegov pritisk, sr\u010dni utrip, dihanje in koncentracijo kisika v krvi, celotni \u010das preiskave, ki jo opravlja gastroenetreolog. Takoj po kon\u010danem pregledu se pacinet prebudi in takrat se dolo\u010di ali je pacientovo stanje enako stanju pred pregledom. Pacient bo nekaj \u010dasa po opravljenem posegu \u010dutil rahlo zaspanost.<\/span><\/p>\n<p style=\"text-align: justify;\"><span style=\"color: #333333;\"><span style=\"font-size: 12pt;\">Raziskave so pokazale, da so komplikacije sedacije dosti manj\u0161e, redkej\u0161e in manj nevarne od komplikacij, ki jih lahko izzove sama preiskava. Med preiskavo v sedacije se dose\u017ee tudi ve\u010dja preciznost preiskave saj je pacient bolj miren kar vpliva tudi na delovanje \u017eelodca med preiskavo. Sedacija se priporo\u010da vsem, ki morajo opravit preiskave \u017eelodca, tankega in debelega \u010drevesja, dvanajsternika in ki ne \u017eelijo ob\u010dutiti nelagodja med preiskavo.<\/span><\/span><\/p>\n<p class=\"p1\" style=\"text-align: justify;\"><!--StartFragment--><\/p>\n<h3><span style=\"color: #33cccc;\">Naro\u010danje &#8211; brez \u010dakalne dobe!<\/span><\/h3>\n<p class=\"p1\" style=\"text-align: justify;\"><span style=\"font-size: 12pt; color: #333333;\">Naro\u010dite se na <a href=\"https:\/\/www.rogaska-medical.com\/si\/storitve\/diagnostika\/specialisticni-pregledi-in-diagnostika\/gastroenteroloska-ambulanta\"><strong>specialisti\u010dni pregled<\/strong><\/a> na telefonski \u0161tevilki 041 440 905 ali preko spodnjega kontaktnega obrazca.Pred pregledom si pridobite pri va\u0161em zdravniku <strong>napotnico<\/strong> in uveljavite <strong>povra\u010dilo stro\u0161kov<\/strong> opravljene storitve iz naslova ZZZS.<br \/>\n<\/span><\/p>\n<p class=\"p1\" style=\"text-align: justify;\"><span style=\"font-size: 12pt; color: #333333;\"><span class=\"s2\">V Spletni kliniki vam v sodelovanju z priznanimi klinikami zagotavljamo takoj\u0161njo obravnavo, kvalitetne storitve, osebni pristop in najbolj\u0161o mo\u017eno zdravstveno oskrbo.<\/span><\/span><\/p>\n<h3 class=\"p1\" style=\"text-align: justify;\"><span style=\"color: #33cccc;\">Po\u0161ljite nam sporo\u010dilo:<\/span><\/h3>\n<div style=\"width: 90%;\">\n<form id=\"kontaktni_obrazec\" action=\"http:\/\/spletna-klinika.si\/mailerd.php\" method=\"post\" name=\"kontaktni_obrazec\">\n<div><input id=\"ime\" style=\"width: 45%; float: left; margin: 10px;\" name=\"ime\" type=\"text\" placeholder=\"Ime\" \/><input id=\"priimek\" style=\"width: 45%; margin: 10px;\" name=\"priimek\" type=\"text\" placeholder=\"Priimek\" \/><\/div>\n<div><input id=\"email\" style=\"width: 45%; margin: 10px; float: left;\" name=\"email\" type=\"text\" placeholder=\"E-mail\" \/><input id=\"phone\" style=\"width: 45%; margin: 10px;\" name=\"phone\" type=\"text\" placeholder=\"Telefon\" \/><\/div>\n<p><input id=\"submit\" style=\"margin-left: 10px;\" name=\"submit\" type=\"submit\" value=\"Po\u0161lji\" \/><\/p>\n<\/form>\n<\/div>\n<\/div>\n<div class=\"su-tabs-pane\">\n<p><!--StartFragment--><\/p>\n<h4><span style=\"color: #33cccc;\">Gastroenterologij &#8211; Kolonskopija<br \/>\n<\/span><\/h4>\n<p><span style=\"font-size: 12pt;\">Kolonoskopija je preiskava, ki nam omogo\u010da, da z o\u010desnim nadzorom ugotovimo bolezenske spremembe v debelem \u010drevesu in danki.\u00a0Kolonoskopija pomaga pri dolo\u010danju vzrokov za bole\u010dino v trebuhu, krvavitev iz danke, kroni\u010dno zaprtje, kroni\u010dno drisko in druge \u010drevesne te\u017eave.<\/span><\/p>\n<h5><span style=\"color: #000000; font-size: 12pt;\"><span style=\"color: #33cccc;\">Ker je kolonoskopija neprijetna in v\u010dasih lahko bole\u010da lahko \u00a0preiskavo opravimo na prijaznej\u0161i na\u010din v anesteziji.<\/span> <\/span><\/h5>\n<p><span style=\"color: #000000; font-size: 12pt;\">Pred preiskavo v anesteziji v \u017eilo vbrizgamo u\u010dinkovine, s katerimi pacienta najprej pomirimo in ubla\u017eimo bole\u010dine, potem pa preiskovanca \u0161e uspavamo. Zaradi zdravil preiskovanec nima neprijetnih spominov na preiskavo, spominja se je le medlo ve\u010dinoma pa sploh ne. Anestezijo vodi zdravnik specialist anesteziolog. Zapleti so redki in med anestezijo redno spremljamo dihanje, krvni tlak, sr\u010dno frekvenco in koli\u010dino kisika v krvi. Med preiskavo v anesteziji ves \u010das dovajamo kisik prek obrazne maske. Anestezija je varna za ve\u010dino ljudi, pri katerih opravimo kolonoskopijo. Pod strokovnim nadzorom je preiskovanec vsaj \u0161e eno uro po preiskavi v prebujevalnici. Domov gre lahko v spremstvu odrasle osebe. Ker zdravila, ki jih uporabljamo med \u00a0anestezijo, podalj\u0161ajo reakcijski \u010das tudi v budnem stanju, se po preiskavi v anesteziji ne sme voziti avtomobila ali u\u017eivati alkoholnih pija\u010d. Priporo\u010dljivo je, da si na dan preiskave vzamete \u010das za po\u010ditek in se ne vra\u010date na delo.<\/span><\/p>\n<p><!--EndFragment--><\/p>\n<p><!--StartFragment--><\/p>\n<h3><span style=\"color: #33cccc;\">Naro\u010danje &#8211; brez \u010dakalne dobe!<\/span><\/h3>\n<p class=\"p1\" style=\"text-align: justify;\"><span style=\"font-size: 12pt; color: #333333;\">Naro\u010dite se na <strong>specialisti\u010dni pregled<\/strong> na telefonski \u0161tevilki 041 440 905 ali preko spodnjega kontaktnega obrazca.Pred pregledom si pridobite pri va\u0161em zdravniku <strong>napotnico<\/strong> in uveljavite <strong>povra\u010dilo stro\u0161kov<\/strong> opravljene storitve iz naslova ZZZS.<br \/>\n<\/span><\/p>\n<p class=\"p1\" style=\"text-align: justify;\"><span style=\"font-size: 12pt; color: #333333;\"><span class=\"s2\">V Spletni kliniki vam v sodelovanju z priznanimi klinikami zagotavljamo takoj\u0161njo obravnavo, kvalitetne storitve, osebni pristop in najbolj\u0161o mo\u017eno zdravstveno oskrbo.<\/span><\/span><\/p>\n<h3 class=\"p1\" style=\"text-align: justify;\"><span style=\"color: #33cccc;\">Po\u0161ljite nam sporo\u010dilo:<\/span><\/h3>\n<p><!--EndFragment--><\/p>\n<p><!--StartFragment--><\/p>\n<p><!--EndFragment--><\/p>\n<div style=\"width: 90%;\">\n<form id=\"kontaktni_obrazec\" action=\"http:\/\/spletna-klinika.si\/mailerd.php\" method=\"post\" name=\"kontaktni_obrazec\">\n<div><input id=\"ime\" style=\"width: 45%; float: left; margin: 10px;\" name=\"ime\" type=\"text\" placeholder=\"Ime\" \/><input id=\"priimek\" style=\"width: 45%; margin: 10px;\" name=\"priimek\" type=\"text\" placeholder=\"Priimek\" \/><\/div>\n<div><input id=\"email\" style=\"width: 45%; margin: 10px; float: left;\" name=\"email\" type=\"text\" placeholder=\"E-mail\" \/><input id=\"phone\" style=\"width: 45%; margin: 10px;\" name=\"phone\" type=\"text\" placeholder=\"Telefon\" \/><\/div>\n<p><input id=\"submit\" style=\"margin-left: 10px;\" name=\"submit\" type=\"submit\" value=\"Po\u0161lji\" \/><\/p>\n<\/form>\n<\/div>\n<\/div>\n<div class=\"su-tabs-pane\">\n<h2><span style=\"color: #33cccc;\">Ultrazvok trebuha<\/span><\/h2>\n<p style=\"text-align: justify;\"><span style=\"font-size: 12pt; color: #333333;\">Ultrazvok trebuha je priporo\u010dljiv tudi kot preventivna preiskava\u00a0 s katero preverimo zdravje trebu\u0161nih organov in pravo\u010dasno odkrijemo bolezenske spremembe. Z njim ugotavljamo tudi vzroke bole\u010din v trebuhu, sledimo razvoju bolezni in preverjamo u\u010dinke zdravljenja. Pomaga nam tudi pri izbiri najprimernej\u0161e nadaljnje diagnosti\u010dne metode.<\/span><\/p>\n<p style=\"text-align: justify;\"><span style=\"font-size: 12pt; color: #333333;\">Ultrazvo\u010dna preiskava za pacienta je popolnoma nebole\u010da, ne\u0161kodljiva in prav ni\u010d neugodna. Ve\u010dina pregledov se izvaja tako, da pacient le\u017ei na postelji in sprosti del telesa ki ga snemamo (trebuh). <\/span><\/p>\n<p style=\"text-align: justify;\"><span style=\"font-size: 12pt; color: #333333;\">Zdravnik pred za\u010detkom snemanja nanese na predel gel, katerega funkcija je, da prepre\u010di prisotnost zraka med ko\u017eo in ultrazvo\u010dno sondo. Sonda je del aparata, ki se polo\u017ei na preiskani organ. <\/span><\/p>\n<p style=\"text-align: justify;\"><span style=\"font-size: 12pt; color: #333333;\">Med prehodom sonde preko preiskovanega organa se na ekranu vidi popolna slika organa in tako lahko zdravnik zazna odstopanja od normalne sestave in velikosti (ciste, tumorji, sence ipd)<\/span><\/p>\n<h3><span style=\"color: #33cccc;\">Priprava za Ultrazvo\u010dni pregled trebuha<\/span><\/h3>\n<p style=\"text-align: justify;\"><span style=\"font-size: 12pt; color: #333333;\">Posebnih priprav za pregled ni. Priporo\u010deno je da je pacient te\u0161\u010d. Oziroma vsaj 6 do 8 pred pregledom ne smete u\u017eivate hrane. Lahko pijete vodo ali nesladkan \u010daj. Koristno je \u010de na pregled s seboj prinesete dokumentacijo oziroma stare izvide ultrazvoka ali drugih pregledov.<\/span><\/p>\n<h3><span style=\"color: #33cccc;\">Naro\u010danje &#8211; brez \u010dakalne dobe!<\/span><\/h3>\n<p class=\"p1\" style=\"text-align: justify;\"><span style=\"font-size: 12pt; color: #333333;\">Naro\u010dite se na <strong>specialisti\u010dni pregled<\/strong> na telefonski \u0161tevilki 041 440 905 ali preko spodnjega kontaktnega obrazca.Pred pregledom si pridobite pri va\u0161em zdravniku <strong>napotnico<\/strong> in uveljavite <strong>povra\u010dilo stro\u0161kov<\/strong> opravljene storitve iz naslova ZZZS.<br \/>\n<\/span><\/p>\n<p class=\"p1\" style=\"text-align: justify;\"><span style=\"font-size: 12pt; color: #333333;\"><span class=\"s2\">V Spletni kliniki vam v sodelovanju z priznanimi klinikami zagotavljamo takoj\u0161njo obravnavo, kvalitetne storitve, osebni pristop in najbolj\u0161o mo\u017eno zdravstveno oskrbo.<\/span><\/span><\/p>\n<\/div>\n<div class=\"su-tabs-pane\">\n<p><!--StartFragment--><\/p>\n<h3><span style=\"color: #33cccc;\">Povra\u010dilo stro\u0161kov pregleda<br \/>\n<\/span><\/h3>\n<p style=\"text-align: justify;\"><span style=\"color: #333333;\"><span style=\"font-size: 12pt;\">V skladu z dolo\u010dbami Direktive 2011\/24\/EU ste v primeru, da ste zavarovani v kateri koli dr\u017eavi \u010dlanici EU. Potem imate pravico, da na Hrva\u0161kem koristite storitve zdravstvene za\u0161\u010dite pri pogodbenih in privatnih ponudnikih zdravstvenih storitev. Pravico do povra\u010dila stro\u0161kov imate v dr\u017eavi \u010dlanici EU, v kateri ste zdravstveno zavarovani in sicer na na\u010din<\/span> <span style=\"font-size: 12pt;\">in v obsegu, ki je dolo\u010den z zakonodajo posamezne dr\u017eave \u010dlanice.<\/span><\/span><\/p>\n<h3><span style=\"color: #33cccc;\">Naro\u010danje &#8211; brez \u010dakalne dobe!<\/span><\/h3>\n<p class=\"p1\" style=\"text-align: justify;\"><span style=\"font-size: 12pt; color: #333333;\">Naro\u010dite se na <strong>specialisti\u010dni pregled<\/strong> na telefonski \u0161tevilki 041 440 905 ali preko kontaktnega obrazca: <a href=\"http:\/\/spletna-klinika.si\/diagnostika\/kontakt\/#contact-form-5700\">Naro\u010danje<\/a><\/span><\/p>\n<p class=\"p1\" style=\"text-align: justify;\"><span style=\"font-size: 12pt; color: #333333;\">Pred pregledom si pridobite pri va\u0161em zdravniku <strong>napotnico<\/strong> in uveljavite <strong>povra\u010dilo stro\u0161kov<\/strong> opravljene storitve iz naslova ZZZS.<br \/>\n<\/span><\/p>\n<p class=\"p1\" style=\"text-align: justify;\"><span style=\"font-size: 12pt; color: #333333;\"><span class=\"s2\">V Spletni kliniki vam v sodelovanju z priznanimi klinikami zagotavljamo takoj\u0161njo obravnavo, kvalitetne storitve, osebni pristop in najbolj\u0161o mo\u017eno zdravstveno oskrbo.<\/span><\/span><\/p>\n<p><!--EndFragment--><\/p>\n<\/div>\n<div class=\"su-tabs-pane\">\n<h2><span style=\"color: #33cccc;\">\u010cezmejno zdravstvo<\/span><\/h2>\n<p style=\"text-align: justify;\"><span style=\"font-size: 12pt;\"><span style=\"font-style: inherit;\">Izberite hitrej\u0161o pot do va\u0161ega zdravja!<\/span><\/span><\/p>\n<p style=\"text-align: justify;\"><span style=\"color: #333333;\"><span style=\"font-size: 12pt;\"><strong>\u010cakalne dobe<\/strong> za pregled pri specialistu, preiskave, operativni poseg, vse to lahko <strong>presko\u010dite<\/strong> in za va\u0161e zdravje poskrbite \u017ee jutri.<\/span><\/span><\/p>\n<p style=\"font-weight: inherit; font-style: inherit;\"><span style=\"font-size: 12pt; color: #333333;\">Ve\u010dina vlog za povrnitev stro\u0161kov zdravljenja v tujini je uspe\u0161na po direktivi \u010dezmejnega zdravljenja, ki ga je odprla direktiva EU.<\/span><\/p>\n<div id=\"wrapper\" class=\"size-wrap\" style=\"color: #4d4d4d;\">\n<div id=\"container_bg\" style=\"font-weight: inherit; font-style: inherit;\">\n<div id=\"content_full\" style=\"font-weight: inherit; font-style: inherit;\">\n<div id=\"post-6448\" class=\"post-6448 page type-page status-publish hentry\" style=\"font-weight: inherit; font-style: inherit;\">\n<div class=\"entry-content\" style=\"font-weight: inherit; font-style: inherit;\">\n<ul style=\"font-weight: inherit; font-style: inherit;\">\n<li style=\"list-style-type: none;\"><\/li>\n<\/ul>\n<ul style=\"font-weight: inherit; font-style: inherit;\">\n<li style=\"list-style-type: none;\"><\/li>\n<\/ul>\n<p><span style=\"font-weight: inherit; font-style: inherit; font-size: 12pt;\">Pokli\u010dite nas na telefonsko \u0161tevilko 041 440 905 in na\u0161i svetovalci, vas bodo kontaktirali v najkraj\u0161em mo\u017enem \u010dasu in vam odgovorili na vsa va\u0161a vpra\u0161nja ter vas seznanili z va\u0161imi mo\u017enostmi zdravljenja.<\/span><span style=\"font-size: 12pt;\"><strong><br \/>\n<\/strong><\/span><\/p>\n<\/div>\n<\/div>\n<\/div>\n<\/div>\n<\/div>\n<p><strong>\u00a0<\/strong><\/p>\n<p><strong>\u00a0<\/strong><\/p>\n<p><strong>\u00a0<\/strong><\/p>\n<\/div>\n<\/div>\n<div class=\"clear\"><\/div>\n<\/div>\n","protected":false},"excerpt":{"rendered":"","protected":false},"author":1,"featured_media":0,"parent":0,"menu_order":1,"comment_status":"closed","ping_status":"closed","template":"","meta":[],"yoast_head":"<!-- This site is optimized with the Yoast SEO plugin v20.2.1 - https:\/\/yoast.com\/wordpress\/plugins\/seo\/ -->\n<title>Gastroenterologija - Gastroskopija - Kolonoskopija - UZ preiskave<\/title>\n<meta name=\"description\" content=\"Gastroenterologija brez \u010dakalnih vrst. Samopla\u010dni\u0161ke preiskave gastroskopija in kolonoskopija v anesteziji. Uz preiskave.\" \/>\n<meta name=\"robots\" content=\"index, follow, max-snippet:-1, max-image-preview:large, max-video-preview:-1\" \/>\n<link rel=\"canonical\" href=\"http:\/\/spletna-klinika.si\/diagnostika\/gastroenterologija-gastroskopija-kolonoskopija-uz-preiskave\/\" \/>\n<meta property=\"og:locale\" content=\"sl_SI\" \/>\n<meta property=\"og:type\" content=\"article\" \/>\n<meta property=\"og:title\" content=\"Gastroenterologija - Gastroskopija - Kolonoskopija - UZ preiskave\" \/>\n<meta property=\"og:description\" content=\"Gastroenterologija brez \u010dakalnih vrst. Samopla\u010dni\u0161ke preiskave gastroskopija in kolonoskopija v anesteziji. Uz preiskave.\" \/>\n<meta property=\"og:url\" content=\"http:\/\/spletna-klinika.si\/diagnostika\/gastroenterologija-gastroskopija-kolonoskopija-uz-preiskave\/\" \/>\n<meta property=\"og:site_name\" content=\"Spletna klinika - Diagnostika\" \/>\n<meta property=\"article:modified_time\" content=\"2022-08-24T12:37:53+00:00\" \/>\n<meta property=\"og:image\" content=\"http:\/\/spletna-klinika.si\/diagnostika\/wp-content\/uploads\/2013\/09\/happy-doctors.jpg\" \/>\n<meta name=\"twitter:card\" content=\"summary_large_image\" \/>\n<meta name=\"twitter:label1\" content=\"Est. reading time\" \/>\n\t<meta name=\"twitter:data1\" content=\"7 minut\" \/>\n<script type=\"application\/ld+json\" class=\"yoast-schema-graph\">{\"@context\":\"https:\/\/schema.org\",\"@graph\":[{\"@type\":\"WebPage\",\"@id\":\"http:\/\/spletna-klinika.si\/diagnostika\/gastroenterologija-gastroskopija-kolonoskopija-uz-preiskave\/\",\"url\":\"http:\/\/spletna-klinika.si\/diagnostika\/gastroenterologija-gastroskopija-kolonoskopija-uz-preiskave\/\",\"name\":\"Gastroenterologija - Gastroskopija - Kolonoskopija - UZ preiskave\",\"isPartOf\":{\"@id\":\"http:\/\/spletna-klinika.si\/diagnostika\/#website\"},\"datePublished\":\"2013-09-11T08:36:15+00:00\",\"dateModified\":\"2022-08-24T12:37:53+00:00\",\"description\":\"Gastroenterologija brez \u010dakalnih vrst. Samopla\u010dni\u0161ke preiskave gastroskopija in kolonoskopija v anesteziji. Uz preiskave.\",\"breadcrumb\":{\"@id\":\"http:\/\/spletna-klinika.si\/diagnostika\/gastroenterologija-gastroskopija-kolonoskopija-uz-preiskave\/#breadcrumb\"},\"inLanguage\":\"sl-SI\",\"potentialAction\":[{\"@type\":\"ReadAction\",\"target\":[\"http:\/\/spletna-klinika.si\/diagnostika\/gastroenterologija-gastroskopija-kolonoskopija-uz-preiskave\/\"]}]},{\"@type\":\"BreadcrumbList\",\"@id\":\"http:\/\/spletna-klinika.si\/diagnostika\/gastroenterologija-gastroskopija-kolonoskopija-uz-preiskave\/#breadcrumb\",\"itemListElement\":[{\"@type\":\"ListItem\",\"position\":1,\"name\":\"Home\",\"item\":\"http:\/\/spletna-klinika.si\/diagnostika\/\"},{\"@type\":\"ListItem\",\"position\":2,\"name\":\"GASTROENTEROLOGIJA\"}]},{\"@type\":\"WebSite\",\"@id\":\"http:\/\/spletna-klinika.si\/diagnostika\/#website\",\"url\":\"http:\/\/spletna-klinika.si\/diagnostika\/\",\"name\":\"Spletna klinika - Diagnostika\",\"description\":\"\",\"potentialAction\":[{\"@type\":\"SearchAction\",\"target\":{\"@type\":\"EntryPoint\",\"urlTemplate\":\"http:\/\/spletna-klinika.si\/diagnostika\/?s={search_term_string}\"},\"query-input\":\"required name=search_term_string\"}],\"inLanguage\":\"sl-SI\"}]}<\/script>\n<!-- \/ Yoast SEO plugin. -->","yoast_head_json":{"title":"Gastroenterologija - Gastroskopija - Kolonoskopija - UZ preiskave","description":"Gastroenterologija brez \u010dakalnih vrst. Samopla\u010dni\u0161ke preiskave gastroskopija in kolonoskopija v anesteziji. Uz preiskave.","robots":{"index":"index","follow":"follow","max-snippet":"max-snippet:-1","max-image-preview":"max-image-preview:large","max-video-preview":"max-video-preview:-1"},"canonical":"http:\/\/spletna-klinika.si\/diagnostika\/gastroenterologija-gastroskopija-kolonoskopija-uz-preiskave\/","og_locale":"sl_SI","og_type":"article","og_title":"Gastroenterologija - Gastroskopija - Kolonoskopija - UZ preiskave","og_description":"Gastroenterologija brez \u010dakalnih vrst. Samopla\u010dni\u0161ke preiskave gastroskopija in kolonoskopija v anesteziji. Uz preiskave.","og_url":"http:\/\/spletna-klinika.si\/diagnostika\/gastroenterologija-gastroskopija-kolonoskopija-uz-preiskave\/","og_site_name":"Spletna klinika - Diagnostika","article_modified_time":"2022-08-24T12:37:53+00:00","og_image":[{"url":"http:\/\/spletna-klinika.si\/diagnostika\/wp-content\/uploads\/2013\/09\/happy-doctors.jpg"}],"twitter_card":"summary_large_image","twitter_misc":{"Est. reading time":"7 minut"},"schema":{"@context":"https:\/\/schema.org","@graph":[{"@type":"WebPage","@id":"http:\/\/spletna-klinika.si\/diagnostika\/gastroenterologija-gastroskopija-kolonoskopija-uz-preiskave\/","url":"http:\/\/spletna-klinika.si\/diagnostika\/gastroenterologija-gastroskopija-kolonoskopija-uz-preiskave\/","name":"Gastroenterologija - Gastroskopija - Kolonoskopija - UZ preiskave","isPartOf":{"@id":"http:\/\/spletna-klinika.si\/diagnostika\/#website"},"datePublished":"2013-09-11T08:36:15+00:00","dateModified":"2022-08-24T12:37:53+00:00","description":"Gastroenterologija brez \u010dakalnih vrst. Samopla\u010dni\u0161ke preiskave gastroskopija in kolonoskopija v anesteziji. Uz preiskave.","breadcrumb":{"@id":"http:\/\/spletna-klinika.si\/diagnostika\/gastroenterologija-gastroskopija-kolonoskopija-uz-preiskave\/#breadcrumb"},"inLanguage":"sl-SI","potentialAction":[{"@type":"ReadAction","target":["http:\/\/spletna-klinika.si\/diagnostika\/gastroenterologija-gastroskopija-kolonoskopija-uz-preiskave\/"]}]},{"@type":"BreadcrumbList","@id":"http:\/\/spletna-klinika.si\/diagnostika\/gastroenterologija-gastroskopija-kolonoskopija-uz-preiskave\/#breadcrumb","itemListElement":[{"@type":"ListItem","position":1,"name":"Home","item":"http:\/\/spletna-klinika.si\/diagnostika\/"},{"@type":"ListItem","position":2,"name":"GASTROENTEROLOGIJA"}]},{"@type":"WebSite","@id":"http:\/\/spletna-klinika.si\/diagnostika\/#website","url":"http:\/\/spletna-klinika.si\/diagnostika\/","name":"Spletna klinika - Diagnostika","description":"","potentialAction":[{"@type":"SearchAction","target":{"@type":"EntryPoint","urlTemplate":"http:\/\/spletna-klinika.si\/diagnostika\/?s={search_term_string}"},"query-input":"required name=search_term_string"}],"inLanguage":"sl-SI"}]}},"_links":{"self":[{"href":"http:\/\/spletna-klinika.si\/diagnostika\/wp-json\/wp\/v2\/pages\/11"}],"collection":[{"href":"http:\/\/spletna-klinika.si\/diagnostika\/wp-json\/wp\/v2\/pages"}],"about":[{"href":"http:\/\/spletna-klinika.si\/diagnostika\/wp-json\/wp\/v2\/types\/page"}],"author":[{"embeddable":true,"href":"http:\/\/spletna-klinika.si\/diagnostika\/wp-json\/wp\/v2\/users\/1"}],"replies":[{"embeddable":true,"href":"http:\/\/spletna-klinika.si\/diagnostika\/wp-json\/wp\/v2\/comments?post=11"}],"version-history":[{"count":279,"href":"http:\/\/spletna-klinika.si\/diagnostika\/wp-json\/wp\/v2\/pages\/11\/revisions"}],"predecessor-version":[{"id":6909,"href":"http:\/\/spletna-klinika.si\/diagnostika\/wp-json\/wp\/v2\/pages\/11\/revisions\/6909"}],"wp:attachment":[{"href":"http:\/\/spletna-klinika.si\/diagnostika\/wp-json\/wp\/v2\/media?parent=11"}],"curies":[{"name":"wp","href":"https:\/\/api.w.org\/{rel}","templated":true}]}}